{"id":9615,"date":"2020-06-13T08:15:56","date_gmt":"2020-06-13T06:15:57","guid":{"rendered":"https:\/\/www.capirari.com\/?post_type=product&#038;p=9615"},"modified":"2021-02-15T00:01:55","modified_gmt":"2021-02-14T23:01:55","slug":"marcel-01-collo-classico","status":"publish","type":"product","link":"https:\/\/www.capirari.com\/it\/prodotto\/marcel-01-collo-classico\/","title":{"rendered":"Marcel 01 collo classico"},"content":{"rendered":"<p>Comfort ed eleganza si fondono nella camicia Marcel con collo classico.<\/p>\n<p>Rappresenta un elemento chiave per il guardaroba di ogni gentiluomo.<\/p>\n<p>La precisione con cui questa camicia \u00e8 costruita \u00e8 straordinaria e si percepisce da ogni piccolo dettaglio, dalla forma del collo e dei polsini fino alla cucitura dei bottoni<\/p>\n<p>Ci siamo ispirati alle vecchie immagini di uno dei pi\u00f9 grandi attori e icone dello stile italiano Marcello Mastroianni, che indossava questo stile di camicia in molti film di culto.<\/p>\n<p>La nostra versione \u00e8 completamente realizzata in Italia in cotone di alta qualit\u00e0 ed \u00e8 caratterizzata da:<\/p>\n<p>Colletto a punta dritta con apertura ravvicinata (si sposa alla perfezione con un nodo di cravatta sottile)<br \/>\nBottoni in madreperla australiana<br \/>\nPolsini arrotondati con chiusura ad un bottone<br \/>\nCuciture orlo inferiore curve<br \/>\n100% cotone popeline<\/p>\n<p>Una lucentezza e una sensazione delicata al tatto rendono questa camicia ideale per outfit eleganti in ogni stagione.<\/p>\n<p>&nbsp;<\/p>\n<p>&nbsp;<\/p>\n<p>&nbsp;<\/p>\n","protected":false},"excerpt":{"rendered":"<p>Le Camicie Capirari sono un vero esempio di sartoria tradizionale Italiana, sono completamente prodotte in Italia da manodopera selezionata e specializzata e con i tessuti ed i processi di lavorazione di pi\u00f9 alta qualit\u00e0.<\/p>\n","protected":false},"featured_media":9625,"comment_status":"open","ping_status":"closed","template":"","meta":{"_acf_changed":false},"product_brand":[],"product_cat":[671,28,31],"product_tag":[609,640,641,637,687],"class_list":{"0":"post-9615","1":"product","2":"type-product","3":"status-publish","4":"has-post-thumbnail","6":"product_cat-manica-lunga","7":"product_cat-prodotti","8":"product_cat-camicie","9":"product_tag-100-cotone","10":"product_tag-bottoni-in-madreperla","11":"product_tag-camicia-uomo","12":"product_tag-made-in-italy-it","13":"product_tag-manica-lunga","15":"first","16":"outofstock","17":"purchasable","18":"product-type-variable"},"acf":[],"_links":{"self":[{"href":"https:\/\/www.capirari.com\/it\/wp-json\/wp\/v2\/product\/9615","targetHints":{"allow":["GET"]}}],"collection":[{"href":"https:\/\/www.capirari.com\/it\/wp-json\/wp\/v2\/product"}],"about":[{"href":"https:\/\/www.capirari.com\/it\/wp-json\/wp\/v2\/types\/product"}],"replies":[{"embeddable":true,"href":"https:\/\/www.capirari.com\/it\/wp-json\/wp\/v2\/comments?post=9615"}],"wp:featuredmedia":[{"embeddable":true,"href":"https:\/\/www.capirari.com\/it\/wp-json\/wp\/v2\/media\/9625"}],"wp:attachment":[{"href":"https:\/\/www.capirari.com\/it\/wp-json\/wp\/v2\/media?parent=9615"}],"wp:term":[{"taxonomy":"product_brand","embeddable":true,"href":"https:\/\/www.capirari.com\/it\/wp-json\/wp\/v2\/product_brand?post=9615"},{"taxonomy":"product_cat","embeddable":true,"href":"https:\/\/www.capirari.com\/it\/wp-json\/wp\/v2\/product_cat?post=9615"},{"taxonomy":"product_tag","embeddable":true,"href":"https:\/\/www.capirari.com\/it\/wp-json\/wp\/v2\/product_tag?post=9615"}],"curies":[{"name":"wp","href":"https:\/\/api.w.org\/{rel}","templated":true}]}}