{"id":8959,"date":"2020-05-25T14:41:46","date_gmt":"2020-05-25T12:41:49","guid":{"rendered":"https:\/\/www.capirari.com\/?post_type=product&#038;p=8959"},"modified":"2020-05-25T15:59:07","modified_gmt":"2020-05-25T13:59:07","slug":"verve-01","status":"publish","type":"product","link":"https:\/\/www.capirari.com\/it\/prodotto\/verve-01\/","title":{"rendered":"Verve 01"},"content":{"rendered":"<p>Questo capo \u00e8 stato sapientemente realizzato presso il nostro laboratorio di maglieria, utilizzando la soffice e calda lana merino extra-fine di Tollegno.<\/p>\n<p>La precisione con cui questo capo \u00e8 stato creato, la si pu\u00f2 percepire da ogni singolo dettaglio.<\/p>\n<p>Presenta una vestibilit\u00e0 regolare, collo, polsini e fodo a costine ed \u00e8 impreziosito da un bellissimo dettaglio sul petto a forma di &#8220;V&#8221; ricamato a mano.<\/p>\n<p>Verve, \u00e8 un esclusivo maglione collo alto di cui nessun guardaroba dovrebbe essere privo!<\/p>\n<ul>\n<li>Finezza 7<\/li>\n<li>100% Lana Merino Extra-Fine by Tollegno (melange)<\/li>\n<li>Fit Regolare<\/li>\n<\/ul>\n<p>&nbsp;<\/p>\n<p>Non accettiamo resi o cambi di taglia su questo articolo. Vi preghiamo di consultare attentamente la tabella misure. Se hai bisogno di ulteriori informazioni, ti preghiamo di contattarci, saremo pi\u00f9 che felici di aiutarti.<\/p>\n<p>&nbsp;<\/p>\n","protected":false},"excerpt":{"rendered":"<p>Verve \u00e8 un vero esempio di artigianato italiano: \u00e8 completamente prodotto in Italia dalle abili mani della nostra magliaia di fiducia utilizzando i filati pi\u00f9 nobili di prestigiosi filatori italiani.<\/p>\n","protected":false},"featured_media":8970,"comment_status":"open","ping_status":"closed","template":"","meta":{"_acf_changed":false},"product_brand":[],"product_cat":[28,30],"product_tag":[611,637,680,653],"class_list":{"0":"post-8959","1":"product","2":"type-product","3":"status-publish","4":"has-post-thumbnail","6":"product_cat-prodotti","7":"product_cat-maglieria","8":"product_tag-100-lana-merino-extra-fine","9":"product_tag-made-in-italy-it","10":"product_tag-rollneck-it","11":"product_tag-tollegno1900-it","13":"first","14":"outofstock","15":"purchasable","16":"product-type-variable"},"acf":[],"_links":{"self":[{"href":"https:\/\/www.capirari.com\/it\/wp-json\/wp\/v2\/product\/8959","targetHints":{"allow":["GET"]}}],"collection":[{"href":"https:\/\/www.capirari.com\/it\/wp-json\/wp\/v2\/product"}],"about":[{"href":"https:\/\/www.capirari.com\/it\/wp-json\/wp\/v2\/types\/product"}],"replies":[{"embeddable":true,"href":"https:\/\/www.capirari.com\/it\/wp-json\/wp\/v2\/comments?post=8959"}],"wp:featuredmedia":[{"embeddable":true,"href":"https:\/\/www.capirari.com\/it\/wp-json\/wp\/v2\/media\/8970"}],"wp:attachment":[{"href":"https:\/\/www.capirari.com\/it\/wp-json\/wp\/v2\/media?parent=8959"}],"wp:term":[{"taxonomy":"product_brand","embeddable":true,"href":"https:\/\/www.capirari.com\/it\/wp-json\/wp\/v2\/product_brand?post=8959"},{"taxonomy":"product_cat","embeddable":true,"href":"https:\/\/www.capirari.com\/it\/wp-json\/wp\/v2\/product_cat?post=8959"},{"taxonomy":"product_tag","embeddable":true,"href":"https:\/\/www.capirari.com\/it\/wp-json\/wp\/v2\/product_tag?post=8959"}],"curies":[{"name":"wp","href":"https:\/\/api.w.org\/{rel}","templated":true}]}}