{"id":8838,"date":"2020-05-22T12:36:26","date_gmt":"2020-05-22T10:36:28","guid":{"rendered":"https:\/\/www.capirari.com\/?post_type=product&#038;p=8838"},"modified":"2021-11-02T12:45:37","modified_gmt":"2021-11-02T11:45:37","slug":"harmony-01-cardigan-copy-copy","status":"publish","type":"product","link":"https:\/\/www.capirari.com\/it\/prodotto\/harmony-01-cardigan-copy-copy\/","title":{"rendered":"Otis 02"},"content":{"rendered":"<p>Per la realizzazione della maglia Otis, ci siamo ispirati ad una vecchia foto raffigurante il cantante Otis Redding il quale indossava una versione molto simile.<\/p>\n<p>La precisione con cui questo capo \u00e8 stato creato, la si pu\u00f2 percepire da ogni singolo dettaglio.<\/p>\n<p>Sapientemente realizzato in Italia dalle abili mani della nostra fidata magliaia utilizzando una lana Merino extra-fine soffice e calda, finezza 7, di Tollegno1900. E&#8217; naturalmente flessibile, traspirante e caldo ed \u00e8 la combinazione perfetta di stile e comfort.<\/p>\n<p>Presenta le seguenti caratteristiche: bottoni in madreperla, asole cucite a mano, tasche con pattina, bottone di chiusura sulla parte posteriore del colletto e motivo tratteggiato realizzato a mano che corre lungo il busto e le tasche<\/p>\n<ul>\n<li>Finezza 7<\/li>\n<li>Lana Merino Extra Fine di Tollegno<\/li>\n<li>Fit Regolare<\/li>\n<li style=\"text-align: left;\">Chiusura con bottoni in madreperla<\/li>\n<\/ul>\n<p>Non accettiamo resi o cambi di taglia su questo articolo. Vi preghiamo di consultare attentamente la tabella misure. Se hai bisogno di ulteriori informazioni, ti preghiamo di contattarci, saremo pi\u00f9 che felici di aiutarti.<\/p>\n","protected":false},"excerpt":{"rendered":"<p>La maglia Otis \u00e8 un vero esempio di artigianato italiano: \u00e8 completamente prodotta in Italia dalle abili mani della nostra fidata magliaia utilizzando i filati pi\u00f9 nobili di prestigiose filature italiane.<\/p>\n","protected":false},"featured_media":8845,"comment_status":"open","ping_status":"closed","template":"","meta":{"_acf_changed":false},"product_brand":[],"product_cat":[28,30],"product_tag":[611,640,639,634,637,653],"class_list":{"0":"post-8838","1":"product","2":"type-product","3":"status-publish","4":"has-post-thumbnail","6":"product_cat-prodotti","7":"product_cat-maglieria","8":"product_tag-100-lana-merino-extra-fine","9":"product_tag-bottoni-in-madreperla","10":"product_tag-cardigan-uomo","11":"product_tag-ivy-league-it","12":"product_tag-made-in-italy-it","13":"product_tag-tollegno1900-it","15":"first","16":"outofstock","17":"purchasable","18":"product-type-variable"},"acf":[],"_links":{"self":[{"href":"https:\/\/www.capirari.com\/it\/wp-json\/wp\/v2\/product\/8838","targetHints":{"allow":["GET"]}}],"collection":[{"href":"https:\/\/www.capirari.com\/it\/wp-json\/wp\/v2\/product"}],"about":[{"href":"https:\/\/www.capirari.com\/it\/wp-json\/wp\/v2\/types\/product"}],"replies":[{"embeddable":true,"href":"https:\/\/www.capirari.com\/it\/wp-json\/wp\/v2\/comments?post=8838"}],"wp:featuredmedia":[{"embeddable":true,"href":"https:\/\/www.capirari.com\/it\/wp-json\/wp\/v2\/media\/8845"}],"wp:attachment":[{"href":"https:\/\/www.capirari.com\/it\/wp-json\/wp\/v2\/media?parent=8838"}],"wp:term":[{"taxonomy":"product_brand","embeddable":true,"href":"https:\/\/www.capirari.com\/it\/wp-json\/wp\/v2\/product_brand?post=8838"},{"taxonomy":"product_cat","embeddable":true,"href":"https:\/\/www.capirari.com\/it\/wp-json\/wp\/v2\/product_cat?post=8838"},{"taxonomy":"product_tag","embeddable":true,"href":"https:\/\/www.capirari.com\/it\/wp-json\/wp\/v2\/product_tag?post=8838"}],"curies":[{"name":"wp","href":"https:\/\/api.w.org\/{rel}","templated":true}]}}