{"id":5695,"date":"2020-01-23T13:27:26","date_gmt":"2020-01-23T16:30:20","guid":{"rendered":"http:\/\/www.capirari.com\/shop\/calypso-03-polo\/"},"modified":"2020-09-08T00:01:32","modified_gmt":"2020-09-07T22:01:32","slug":"calypso-03-polo","status":"publish","type":"product","link":"https:\/\/www.capirari.com\/it\/prodotto\/calypso-03-polo\/","title":{"rendered":"Calypso 03 polo"},"content":{"rendered":"<p>Versatile e senza tempo, la polo Calypso \u00e8 stata realizzata da abili artigiani all&#8217;interno del nostro piccolo laboratorio situato nelle Marche.<\/p>\n<p>Il tessuto utilizzato \u00e8 un pregiato 100% cotone piqu\u00e8, il quale oltre ad essere soffice al tatto e sulla pelle \u00e8 anche resistente e traspirante.<\/p>\n<p>I dettagli in maglia a contrasto (l&#8217;ampio scollo a V, le vele del colletto ed i polsini) aggiungono un sofisticato tocco r\u00e9tro al look.<\/p>\n<p>Il design ricercato ispirato alle polo indossate dai calciatori negli anni\u00a0 70&#8242;, la cura maniacale di ogni singolo dettaglio e la particolarit\u00e0 del tessuto utilizzato rendono questo capo veramente esclusivo.<\/p>\n<ul>\n<li>Vestibilit\u00e0 regolare<\/li>\n<li>Tagliata a mano<\/li>\n<li>Scollo a V a costine lavorato a maglia<\/li>\n<li>Colletto a polo lavorato a maglia<\/li>\n<li>Polsini a costine lavorati a maglia<\/li>\n<li>100% cotone piqu\u00e8<\/li>\n<\/ul>\n","protected":false},"excerpt":{"rendered":"<p>Versatile e senza tempo, la polo Calypso \u00e8 stata realizzata da abili artigiani all&#8217;interno del nostro piccolo laboratorio situato nelle Marche.<\/p>\n<p>Il tessuto utilizzato \u00e8 un pregiato 100% cotone piqu\u00e8, il quale oltre ad essere soffice al tatto e sulla pelle \u00e8 anche resistente e traspirante.<\/p>\n","protected":false},"featured_media":3116,"comment_status":"open","ping_status":"closed","template":"","meta":{"_acf_changed":false},"product_brand":[],"product_cat":[28,32],"product_tag":[609,615,637,654],"class_list":{"0":"post-5695","1":"product","2":"type-product","3":"status-publish","4":"has-post-thumbnail","6":"product_cat-prodotti","7":"product_cat-t-shirt-polo","8":"product_tag-100-cotone","9":"product_tag-615","10":"product_tag-made-in-italy-it","11":"product_tag-scollo-a-v","13":"first","14":"outofstock","15":"purchasable","16":"product-type-variable"},"acf":[],"_links":{"self":[{"href":"https:\/\/www.capirari.com\/it\/wp-json\/wp\/v2\/product\/5695","targetHints":{"allow":["GET"]}}],"collection":[{"href":"https:\/\/www.capirari.com\/it\/wp-json\/wp\/v2\/product"}],"about":[{"href":"https:\/\/www.capirari.com\/it\/wp-json\/wp\/v2\/types\/product"}],"replies":[{"embeddable":true,"href":"https:\/\/www.capirari.com\/it\/wp-json\/wp\/v2\/comments?post=5695"}],"wp:featuredmedia":[{"embeddable":true,"href":"https:\/\/www.capirari.com\/it\/wp-json\/wp\/v2\/media\/3116"}],"wp:attachment":[{"href":"https:\/\/www.capirari.com\/it\/wp-json\/wp\/v2\/media?parent=5695"}],"wp:term":[{"taxonomy":"product_brand","embeddable":true,"href":"https:\/\/www.capirari.com\/it\/wp-json\/wp\/v2\/product_brand?post=5695"},{"taxonomy":"product_cat","embeddable":true,"href":"https:\/\/www.capirari.com\/it\/wp-json\/wp\/v2\/product_cat?post=5695"},{"taxonomy":"product_tag","embeddable":true,"href":"https:\/\/www.capirari.com\/it\/wp-json\/wp\/v2\/product_tag?post=5695"}],"curies":[{"name":"wp","href":"https:\/\/api.w.org\/{rel}","templated":true}]}}