{"id":5476,"date":"2020-01-23T13:25:15","date_gmt":"2020-01-23T16:11:24","guid":{"rendered":"http:\/\/www.capirari.com\/shop\/morgan-01-collo-button-down\/"},"modified":"2020-04-09T08:13:27","modified_gmt":"2020-04-09T06:13:27","slug":"morgan-01-collo-button-down","status":"publish","type":"product","link":"https:\/\/www.capirari.com\/it\/prodotto\/morgan-01-collo-button-down\/","title":{"rendered":"Morgan 01 collo button-down"},"content":{"rendered":"<p>Le Camicie Capirari sono un vero esempio di sartoria tradizionale Italiana, essendo completamente prodotte in Italia da manodopera selezionata e specializzata e con i tessuti ed i processi di lavorazione di pi\u00f9 alta qualit\u00e0.<\/p>\n<p>La precisione con cui questa camicia \u00e8 costruita \u00e8 straordinaria e si percepisce da ogni piccolo dettaglio, dalla forma del collo e dei polsini fino alla cucitura dei bottoni.<\/p>\n<p>Il motivo a quadri e dettagli sofisticati creano una camicia versatile e senza tempo per qualsiasi outfit e ogni stagione dell&#8217;anno<\/p>\n<p>La camicia presenta un bellissimo colletto button-down, taschino sul petto, terzo bottone sulla parte posteriore del colletto ed un esclusivo polsino con doppia chiusura a punta.<\/p>\n<p>Questa tipologia di polsino \u00e8 molto rara (pressoch\u00e9 impossibile) da trovare su una camicia redy-to-wear, in quanto richiede una notevole abilit\u00e0 per realizzarlo.<\/p>\n<p>La piega interamente cucita sul retro, ha un effetto snellente e un tocco simmetrico con la parte frontale.<\/p>\n<p>I bottoni sono un piccolo dettaglio della camicia, ma possono dare un impatto significativo sull\u2019estetica complessiva. Utilizziamo solo bottoni in pregiata madreperla australiana per conferire eleganza e raffinatezza ad ogni nostra camicia.<\/p>\n<p>Per la cucitura dei bottoni abbiamo introdotto l\u2019antico punto a \u201czampa di gallina\u201d, una delle caratteristiche dell\u2019antica tradizione sartoriale napoletana. Un atto di singolare bellezza che solo artigiani esperti possono facilmente realizzare.<\/p>\n<p>Asola e bottone al fessino che dona eleganza e rende pi\u00f9 comoda la manica.<\/p>\n<p>Cuciture orlo inferiore curve.<\/p>\n<p>&nbsp;<\/p>\n","protected":false},"excerpt":{"rendered":"<p>Le Camicie Capirari sono un vero esempio di sartoria tradizionale Italiana, essendo completamente prodotte in Italia da manodopera selezionata e specializzata e con i tessuti ed i processi di lavorazione di pi\u00f9 alta qualit\u00e0.<\/p>\n","protected":false},"featured_media":3016,"comment_status":"open","ping_status":"closed","template":"","meta":{"_acf_changed":false},"product_brand":[],"product_cat":[671,28,31],"product_tag":[609,620,641,618,652,662,637,624],"class_list":{"0":"post-5476","1":"product","2":"type-product","3":"status-publish","4":"has-post-thumbnail","6":"product_cat-manica-lunga","7":"product_cat-prodotti","8":"product_cat-camicie","9":"product_tag-100-cotone","10":"product_tag-button-down-it","11":"product_tag-camicia-uomo","12":"product_tag-capirari-it","13":"product_tag-cucitura-a-giglio","14":"product_tag-envelope-cuff-it","15":"product_tag-made-in-italy-it","16":"product_tag-tasca-sul-petto-con-patta","18":"first","19":"outofstock","20":"product-type-variable"},"acf":[],"_links":{"self":[{"href":"https:\/\/www.capirari.com\/it\/wp-json\/wp\/v2\/product\/5476","targetHints":{"allow":["GET"]}}],"collection":[{"href":"https:\/\/www.capirari.com\/it\/wp-json\/wp\/v2\/product"}],"about":[{"href":"https:\/\/www.capirari.com\/it\/wp-json\/wp\/v2\/types\/product"}],"replies":[{"embeddable":true,"href":"https:\/\/www.capirari.com\/it\/wp-json\/wp\/v2\/comments?post=5476"}],"wp:featuredmedia":[{"embeddable":true,"href":"https:\/\/www.capirari.com\/it\/wp-json\/wp\/v2\/media\/3016"}],"wp:attachment":[{"href":"https:\/\/www.capirari.com\/it\/wp-json\/wp\/v2\/media?parent=5476"}],"wp:term":[{"taxonomy":"product_brand","embeddable":true,"href":"https:\/\/www.capirari.com\/it\/wp-json\/wp\/v2\/product_brand?post=5476"},{"taxonomy":"product_cat","embeddable":true,"href":"https:\/\/www.capirari.com\/it\/wp-json\/wp\/v2\/product_cat?post=5476"},{"taxonomy":"product_tag","embeddable":true,"href":"https:\/\/www.capirari.com\/it\/wp-json\/wp\/v2\/product_tag?post=5476"}],"curies":[{"name":"wp","href":"https:\/\/api.w.org\/{rel}","templated":true}]}}