{"id":18319,"date":"2025-12-10T11:19:14","date_gmt":"2025-12-10T10:19:14","guid":{"rendered":"https:\/\/www.capirari.com\/?post_type=product&#038;p=18319"},"modified":"2026-04-15T08:57:10","modified_gmt":"2026-04-15T06:57:10","slug":"amalfi-1-collo-aperto-capri-anni-50","status":"publish","type":"product","link":"https:\/\/www.capirari.com\/it\/prodotto\/amalfi-1-collo-aperto-capri-anni-50\/","title":{"rendered":"Amalfi 1 collo aperto capri anni 50"},"content":{"rendered":"<div class=\"x78zum5 xdt5ytf x1iyjqo2\">\n<div class=\"x9f619 x1ja2u2z __fb-light-mode x1xsqp64 x18d0r48 x78zum5 x1r8uery xdt5ytf x1iyjqo2 xmz0i5r x6ikm8r x10wlt62 x1n2onr6\">\n<div class=\"x78zum5 xdt5ytf x1iyjqo2 x5yr21d\" data-pagelet=\"MWOpenThreadDetail\">\n<div class=\"x78zum5 xdt5ytf x1iyjqo2 x5yr21d\" data-pagelet=\"MWMessageList\">\n<div class=\"x1uipg7g xu3j5b3 xol2nv xlauuyb x26u7qi x19p7ews x78zum5 xdt5ytf x1iyjqo2 x6ikm8r x10wlt62\" role=\"grid\" aria-label=\"Messaggi nella conversazione con Lorenzo Salvatori\">\n<div class=\"x1qjc9v5 x9f619 xdl72j9 x2lwn1j xeuugli x1n2onr6 x78zum5 xdt5ytf x1iyjqo2 xs83m0k x6ikm8r x10wlt62 x1ja2u2z\">\n<div class=\"x78zum5 xdt5ytf x1iyjqo2 x6ikm8r x1odjw0f xish69e x16o0dkt\" role=\"none\">\n<div class=\"x78zum5 xdt5ytf x1iyjqo2 x2lah0s xl56j7k x121v3j4\">\n<div>\n<div class=\"x78zum5 xdt5ytf\" data-virtualized=\"false\">\n<div class=\"x9f619 x1n2onr6 x1ja2u2z\">\n<div data-pagelet=\"MWMessageRow\">\n<div>\n<div class=\"__fb-light-mode x1n2onr6\" role=\"row\">\n<div>\n<div class=\"x78zum5 xdt5ytf x1n2onr6\" tabindex=\"0\" role=\"gridcell\" data-release-focus-from=\"CLICK\" data-scope=\"messages_table\">\n<div class=\"html-div xdj266r x11i5rnm xat24cr x1mh8g0r xexx8yu x4uap5 x18d9i69 xkhd6sd x78zum5 x15zctf7\">\n<div class=\"html-div xdj266r x11i5rnm xat24cr x1mh8g0r xexx8yu x4uap5 x18d9i69 xkhd6sd xeuugli x1vjfegm\">\n<div class=\"html-div xdj266r x11i5rnm xat24cr x1mh8g0r xexx8yu x4uap5 x18d9i69 xkhd6sd x78zum5 xh8yej3\" role=\"presentation\">\n<div class=\"x78zum5 xdt5ytf x193iq5w x1n2onr6 x1kxipp6 xuk3077\">\n<div class=\"x78zum5 xh8yej3\" role=\"none\">\n<div class=\"html-div xdj266r x11i5rnm xat24cr x1mh8g0r xexx8yu x4uap5 x18d9i69 xkhd6sd x6ikm8r x10wlt62\">\n<div class=\"html-div xdj266r x11i5rnm xat24cr x1mh8g0r x14ctfv x1okitfd x6ikm8r x10wlt62 xerhiuh x1pn3fxy x12xxe5f x1szedp3 x1n2onr6 x1vjfegm x1k4qllp x1mzt3pk x13faqbe x11jlvup xpmdkuv x154zaqr x12z03op xyhp3ou x13fuv20 xu3j5b3 x1q0q8m5 x26u7qi x12lizq0 xf766zg x1ybe9c6 x1ts5dru xp5s12f x11ucwad xgtuqic x155c047\" role=\"presentation\">\n<div class=\"html-div xexx8yu x4uap5 x18d9i69 xkhd6sd x1gslohp x11i5rnm x12nagc x1mh8g0r x1yc453h x126k92a xyk4ms5\" dir=\"auto\">La camicia Amalfi si ispira alle camicie da uomo degli anni \u201850\/60. Realizzata in 100% cotone, presenta un delicato motivo millerighe azzurro, perfetto per chi ama uno stile raffinato e versatile. Il collo in stile anni \u201850, i bottoni in madreperla e il taglio sartoriale la rendono ideale sia per look casual che formali. Il collo \u00e8 fuso in un unico pezzo con la parte frontale della camicia, creando un meraviglioso roll\u00e9, sia indossato da solo che sotto una giacca. Questo tipo di collo \u00e8 una rarit\u00e0 nelle camicie pr\u00eat-\u00e0-porter, poich\u00e9 la sua costruzione \u00e8 incredibilmente complessa. I bottoni sono un dettaglio apparentemente piccolo, ma hanno un impatto significativo sull\u2019estetica generale della camicia; per questo utilizziamo solo i migliori bottoni in madreperla, aggiungendo un tocco di eleganza e raffinatezza ad ogni capo.<\/div>\n<ul>\n<li class=\"html-div xexx8yu x4uap5 x18d9i69 xkhd6sd x1gslohp x11i5rnm x12nagc x1mh8g0r x1yc453h x126k92a xyk4ms5\" dir=\"auto\">Realizzata artigianalmente in Italia<\/li>\n<li class=\"html-div xexx8yu x4uap5 x18d9i69 xkhd6sd x1gslohp x11i5rnm x12nagc x1mh8g0r x1yc453h x126k92a xyk4ms5\" dir=\"auto\">Collo in stile anni \u201950<\/li>\n<li class=\"html-div xexx8yu x4uap5 x18d9i69 xkhd6sd x1gslohp x11i5rnm x12nagc x1mh8g0r x1yc453h x126k92a xyk4ms5\" dir=\"auto\">Vestibilit\u00e0 confortevole e traspirante Il modello indossa una taglia Small ed \u00e8 alto 178 cm.<\/li>\n<\/ul>\n<\/div>\n<\/div>\n<\/div>\n<\/div>\n<\/div>\n<div class=\"html-div xdj266r x11i5rnm xat24cr x1mh8g0r xexx8yu x4uap5 x18d9i69 xkhd6sd x1h91t0o xkh2ocl x78zum5 xdt5ytf x13a6bvl x193iq5w x1c4vz4f x1eb86dx\" role=\"presentation\">\n<div class=\"html-div xdj266r x11i5rnm xat24cr x1mh8g0r xexx8yu x4uap5 x18d9i69 xkhd6sd\">Il modello indossa una taglia Small ed \u00e8 alto 178 cm<\/div>\n<\/div>\n<\/div>\n<\/div>\n<\/div>\n<\/div>\n<\/div>\n<\/div>\n<\/div>\n<\/div>\n<\/div>\n<\/div>\n<div>\n<div class=\"x78zum5 xdt5ytf\" data-virtualized=\"false\">\n<div class=\"x9f619 x1n2onr6 x1ja2u2z\">\n<div data-pagelet=\"MWMessageRow\">\n<div>\n<div class=\"__fb-light-mode x1n2onr6\" role=\"row\">\n<div role=\"gridcell\">\n<div class=\"x1i10hfl x1qjc9v5 xjqpnuy xa49m3k xqeqjp1 x2hbi6w x13fuv20 xu3j5b3 x1q0q8m5 x26u7qi x972fbf xcfux6l x1qhh985 xm0m39n x9f619 x1ypdohk xdl72j9 x2lah0s xe8uvvx xdj266r x11i5rnm xat24cr x1mh8g0r x2lwn1j xeuugli x16tdsg8 x1hl2dhg xggy1nq x1t137rt x3nfvp2 x1q0g3np x87ps6o x1lku1pv x1a2a7pz __fb-dark-mode x1h0vfkc x1lq5wgf xgqcy7u x30kzoy x9jhf4c x152obne xlr8s2x xz9dl7a xn6708d xsag5q8 x1ye3gou x1vjfegm x1qiirwl x105ttfm xzpqnlu x1hyvwdk xjm9jq1 x6ikm8r x10wlt62 x10l6tqk x1i1rx1s\" tabindex=\"-1\" role=\"button\" aria-label=\"Dettagli e azioni\">\n<div class=\"x1ey2m1c xds687c x17qophe xg01cxk x47corl x10l6tqk x13vifvy x1ebt8du x19991ni x1dhq9h x1o1ewxj x3x9cwd x1e5q0jg x13rtm0m\" role=\"none\" data-visualcompletion=\"ignore\"><\/div>\n<\/div>\n<\/div>\n<\/div>\n<\/div>\n<\/div>\n<\/div>\n<\/div>\n<\/div>\n<\/div>\n<\/div>\n<div class=\"xqtp20y x1n2onr6 xh8yej3\">\n<div class=\"x1ey2m1c x14yxtea x10l6tqk x1vjfegm x2mfxb x1j49z95 x1dufm33\">\n<div class=\"x1i10hfl xjqpnuy xa49m3k xqeqjp1 x2hbi6w x13fuv20 xu3j5b3 x1q0q8m5 x26u7qi x972fbf xcfux6l x1qhh985 xm0m39n x9f619 x1ypdohk xdl72j9 x2lah0s xe8uvvx xdj266r x11i5rnm xat24cr x1mh8g0r x2lwn1j xeuugli xexx8yu x4uap5 x18d9i69 xkhd6sd x1n2onr6 x16tdsg8 x1hl2dhg xggy1nq x1ja2u2z x1t137rt x1q0g3np x87ps6o x1lku1pv x1a2a7pz x6s0dn4 x1l31dnx x14yjl9h xudhj91 x18nykt9 xww2gxu xurzqwv x78zum5 x1vqgdyp xl56j7k x100vrsf\" tabindex=\"0\" role=\"button\" aria-label=\"Accedi al messaggio pi\u00f9 recente\">\n<div class=\"x1ey2m1c xds687c x17qophe xg01cxk x47corl x10l6tqk x13vifvy x1ebt8du x19991ni x1dhq9h x1o1ewxj x3x9cwd x1e5q0jg x13rtm0m\" role=\"none\" data-visualcompletion=\"ignore\"><\/div>\n<\/div>\n<\/div>\n<\/div>\n<\/div>\n<\/div>\n<\/div>\n<\/div>\n<\/div>\n<\/div>\n<div data-pagelet=\"MWComposer\">\n<div class=\"html-div xdj266r x11i5rnm xat24cr x1mh8g0r xexx8yu x4uap5 x18d9i69 xkhd6sd xt5xv9l x6wvzqs xpqajaz x78zum5 xdt5ytf x1c4vz4f xs83m0k x13qp9f6\"><\/div>\n<\/div>\n","protected":false},"excerpt":{"rendered":"<p>Le Camicie Capirari sono un vero esempio di sartoria tradizionale Italiana, sono completamente prodotte in Italia da manodopera selezionata e specializzata e con i tessuti ed i processi di lavorazione di pi\u00f9 alta qualit\u00e0.<\/p>\n","protected":false},"featured_media":18377,"comment_status":"open","ping_status":"closed","template":"","meta":{"_acf_changed":false},"product_brand":[],"product_cat":[671,28,31],"product_tag":[],"class_list":{"0":"post-18319","1":"product","2":"type-product","3":"status-publish","4":"has-post-thumbnail","6":"product_cat-manica-lunga","7":"product_cat-prodotti","8":"product_cat-camicie","10":"first","11":"instock","12":"featured","13":"purchasable","14":"product-type-variable"},"acf":[],"_links":{"self":[{"href":"https:\/\/www.capirari.com\/it\/wp-json\/wp\/v2\/product\/18319","targetHints":{"allow":["GET"]}}],"collection":[{"href":"https:\/\/www.capirari.com\/it\/wp-json\/wp\/v2\/product"}],"about":[{"href":"https:\/\/www.capirari.com\/it\/wp-json\/wp\/v2\/types\/product"}],"replies":[{"embeddable":true,"href":"https:\/\/www.capirari.com\/it\/wp-json\/wp\/v2\/comments?post=18319"}],"wp:featuredmedia":[{"embeddable":true,"href":"https:\/\/www.capirari.com\/it\/wp-json\/wp\/v2\/media\/18377"}],"wp:attachment":[{"href":"https:\/\/www.capirari.com\/it\/wp-json\/wp\/v2\/media?parent=18319"}],"wp:term":[{"taxonomy":"product_brand","embeddable":true,"href":"https:\/\/www.capirari.com\/it\/wp-json\/wp\/v2\/product_brand?post=18319"},{"taxonomy":"product_cat","embeddable":true,"href":"https:\/\/www.capirari.com\/it\/wp-json\/wp\/v2\/product_cat?post=18319"},{"taxonomy":"product_tag","embeddable":true,"href":"https:\/\/www.capirari.com\/it\/wp-json\/wp\/v2\/product_tag?post=18319"}],"curies":[{"name":"wp","href":"https:\/\/api.w.org\/{rel}","templated":true}]}}