{"id":18245,"date":"2025-10-27T11:38:20","date_gmt":"2025-10-27T10:38:20","guid":{"rendered":"https:\/\/www.capirari.com\/?post_type=product&#038;p=18245"},"modified":"2026-04-15T09:04:44","modified_gmt":"2026-04-15T07:04:44","slug":"elagar-camicia-collo-rotondo","status":"publish","type":"product","link":"https:\/\/www.capirari.com\/it\/prodotto\/elagar-camicia-collo-rotondo\/","title":{"rendered":"Elgar camicia collo rotondo"},"content":{"rendered":"<p>Una camicia raffinata dal gusto r\u00e9tro che ricorda lo stile Edoardiano, ed \u00e8 l&#8217;espressione per eccellenza dell&#8217;eleganza maschile con il suo distintivo colletto arrotondato che sicuramente non passer\u00e0 inosservato. La precisione con cui questa camicia \u00e8 realizzata \u00e8 straordinaria e si percepisce da ogni piccolo dettaglio, dalla forma del collo e dei polsini fino alla cucitura dei bottoni It is the quintessential expression of masculine elegance with the distinctive rounded collar, that is so difficult to find in modern times on a ready-to-wear shirt. Questa tipologia di colletto dal gusto retr\u00f2 aggiunge un tocco di stile ed un&#8217;eleganza sofisticata che non passa inosservata. I bottoni sono un piccolo dettaglio della camicia, ma possono dare un impatto significativo sull\u2019estetica complessiva. Utilizziamo solo bottoni in pregiata madreperla australiana per conferire eleganza e raffinatezza ad ogni nostra creazione.<\/p>\n<p>Caratteristiche:<\/p>\n<ul>\n<li>Fit Regolare<\/li>\n<li>Collo tondo<\/li>\n<li>Polsini arrotondati con chiusura ad un bottone<\/li>\n<li>Bottoni in madreperla<\/li>\n<li>Cuciture orlo inferiore arrotondate<\/li>\n<li>100% Cotton<\/li>\n<\/ul>\n<p>&nbsp;<\/p>\n","protected":false},"excerpt":{"rendered":"<p>Le Camicie Capirari sono un vero esempio di sartoria tradizionale Italiana, sono completamente prodotte in Italia da manodopera selezionata e specializzata e con i tessuti ed i processi di lavorazione di pi\u00f9 alta qualit\u00e0.<\/p>\n","protected":false},"featured_media":18261,"comment_status":"open","ping_status":"closed","template":"","meta":{"_acf_changed":false},"product_brand":[],"product_cat":[671,28,31],"product_tag":[],"class_list":{"0":"post-18245","1":"product","2":"type-product","3":"status-publish","4":"has-post-thumbnail","6":"product_cat-manica-lunga","7":"product_cat-prodotti","8":"product_cat-camicie","10":"first","11":"instock","12":"purchasable","13":"product-type-variable"},"acf":[],"_links":{"self":[{"href":"https:\/\/www.capirari.com\/it\/wp-json\/wp\/v2\/product\/18245","targetHints":{"allow":["GET"]}}],"collection":[{"href":"https:\/\/www.capirari.com\/it\/wp-json\/wp\/v2\/product"}],"about":[{"href":"https:\/\/www.capirari.com\/it\/wp-json\/wp\/v2\/types\/product"}],"replies":[{"embeddable":true,"href":"https:\/\/www.capirari.com\/it\/wp-json\/wp\/v2\/comments?post=18245"}],"wp:featuredmedia":[{"embeddable":true,"href":"https:\/\/www.capirari.com\/it\/wp-json\/wp\/v2\/media\/18261"}],"wp:attachment":[{"href":"https:\/\/www.capirari.com\/it\/wp-json\/wp\/v2\/media?parent=18245"}],"wp:term":[{"taxonomy":"product_brand","embeddable":true,"href":"https:\/\/www.capirari.com\/it\/wp-json\/wp\/v2\/product_brand?post=18245"},{"taxonomy":"product_cat","embeddable":true,"href":"https:\/\/www.capirari.com\/it\/wp-json\/wp\/v2\/product_cat?post=18245"},{"taxonomy":"product_tag","embeddable":true,"href":"https:\/\/www.capirari.com\/it\/wp-json\/wp\/v2\/product_tag?post=18245"}],"curies":[{"name":"wp","href":"https:\/\/api.w.org\/{rel}","templated":true}]}}