{"id":18024,"date":"2025-07-09T13:17:57","date_gmt":"2025-07-09T11:17:57","guid":{"rendered":"https:\/\/www.capirari.com\/?post_type=product&#038;p=18024"},"modified":"2025-07-09T13:24:13","modified_gmt":"2025-07-09T11:24:13","slug":"marlon-2","status":"publish","type":"product","link":"https:\/\/www.capirari.com\/it\/prodotto\/marlon-2\/","title":{"rendered":"Marlon 2"},"content":{"rendered":"<p>Maglia in puro cotone ispirata a un\u2019iconica foto di Marlon Brando, che indossa una t-shirt a righe dal fascino intramontabile.<\/p>\n<p>Il design si rif\u00e0 al continental look degli anni \u201950 e \u201960, con tutta l\u2019attenzione ai dettagli tipica di quell\u2019epoca.<\/p>\n<p>La nostra versione, reinterpretata con cura, presenta il caratteristico collo stile barca ispirato alle nostre maglie Madeira: un dettaglio distintivo e raffinato. Realizzata con filato di puro cotone, ha una base bianco avorio con righe rosse che si allineano perfettamente sul davanti, sul retro e lungo le maniche.<\/p>\n<p>Il tessuto, pur essendo compatto, risulta leggero e naturalmente traspirante, ideale anche per le giornate pi\u00f9 calde.<\/p>\n<p>Due discreti spacchi laterali completano il capo, donando comfort ed eleganza.<\/p>\n<p>Fatta artigianalmente in Italia, nel nostro laboratorio di Pesaro.<\/p>\n","protected":false},"excerpt":{"rendered":"<p>Il maglione girocollo Axel in soft Shetland \u00e8 un vero esempio di artigianato italiano: \u00e8 completamente realizzato in Italia da abili artigiani utilizzando i filati pi\u00f9 nobili di prestigiosi filatori italiani.<\/p>\n","protected":false},"featured_media":18055,"comment_status":"open","ping_status":"closed","template":"","meta":{"_acf_changed":false},"product_brand":[],"product_cat":[28,30,32],"product_tag":[],"class_list":{"0":"post-18024","1":"product","2":"type-product","3":"status-publish","4":"has-post-thumbnail","6":"product_cat-prodotti","7":"product_cat-maglieria","8":"product_cat-t-shirt-polo","10":"first","11":"outofstock","12":"purchasable","13":"product-type-variable"},"acf":[],"_links":{"self":[{"href":"https:\/\/www.capirari.com\/it\/wp-json\/wp\/v2\/product\/18024","targetHints":{"allow":["GET"]}}],"collection":[{"href":"https:\/\/www.capirari.com\/it\/wp-json\/wp\/v2\/product"}],"about":[{"href":"https:\/\/www.capirari.com\/it\/wp-json\/wp\/v2\/types\/product"}],"replies":[{"embeddable":true,"href":"https:\/\/www.capirari.com\/it\/wp-json\/wp\/v2\/comments?post=18024"}],"wp:featuredmedia":[{"embeddable":true,"href":"https:\/\/www.capirari.com\/it\/wp-json\/wp\/v2\/media\/18055"}],"wp:attachment":[{"href":"https:\/\/www.capirari.com\/it\/wp-json\/wp\/v2\/media?parent=18024"}],"wp:term":[{"taxonomy":"product_brand","embeddable":true,"href":"https:\/\/www.capirari.com\/it\/wp-json\/wp\/v2\/product_brand?post=18024"},{"taxonomy":"product_cat","embeddable":true,"href":"https:\/\/www.capirari.com\/it\/wp-json\/wp\/v2\/product_cat?post=18024"},{"taxonomy":"product_tag","embeddable":true,"href":"https:\/\/www.capirari.com\/it\/wp-json\/wp\/v2\/product_tag?post=18024"}],"curies":[{"name":"wp","href":"https:\/\/api.w.org\/{rel}","templated":true}]}}