{"id":17985,"date":"2025-07-09T13:00:35","date_gmt":"2025-07-09T11:00:35","guid":{"rendered":"https:\/\/www.capirari.com\/?post_type=product&#038;p=17985"},"modified":"2025-08-11T00:01:14","modified_gmt":"2025-08-10T22:01:14","slug":"marlon-1","status":"publish","type":"product","link":"https:\/\/www.capirari.com\/it\/prodotto\/marlon-1\/","title":{"rendered":"Marlon 1"},"content":{"rendered":"<p>Maglia in puro cotone ispirata a un\u2019iconica foto di Marlon Brando, che indossa una t-shirt a righe dal fascino intramontabile.<\/p>\n<p>Il design si rif\u00e0 al continental look degli anni \u201950 e \u201960, con tutta l\u2019attenzione ai dettagli tipica di quell\u2019epoca.<\/p>\n<p>La nostra versione, reinterpretata con cura, presenta il caratteristico collo stile barca ispirato alle nostre maglie Madeira: un dettaglio distintivo e raffinato. Realizzata con filato di puro cotone, ha una base blu profonda con righe bianche che si allineano perfettamente sul davanti, sul retro e lungo le maniche.<\/p>\n<p>Il tessuto, pur essendo compatto, risulta leggero e naturalmente traspirante, ideale anche per le giornate pi\u00f9 calde.<\/p>\n<p>Due discreti spacchi laterali completano il capo, donando comfort ed eleganza.<\/p>\n<p>Fatta artigianalmente in Italia, nel nostro laboratorio di Pesaro.<\/p>\n","protected":false},"excerpt":{"rendered":"<p>Il maglione girocollo Axel in soft Shetland \u00e8 un vero esempio di artigianato italiano: \u00e8 completamente realizzato in Italia da abili artigiani utilizzando i filati pi\u00f9 nobili di prestigiosi filatori italiani.<\/p>\n","protected":false},"featured_media":18050,"comment_status":"open","ping_status":"closed","template":"","meta":{"_acf_changed":false},"product_brand":[],"product_cat":[28,30,32],"product_tag":[],"class_list":{"0":"post-17985","1":"product","2":"type-product","3":"status-publish","4":"has-post-thumbnail","6":"product_cat-prodotti","7":"product_cat-maglieria","8":"product_cat-t-shirt-polo","10":"first","11":"instock","12":"sale","13":"featured","14":"purchasable","15":"product-type-variable"},"acf":[],"_links":{"self":[{"href":"https:\/\/www.capirari.com\/it\/wp-json\/wp\/v2\/product\/17985","targetHints":{"allow":["GET"]}}],"collection":[{"href":"https:\/\/www.capirari.com\/it\/wp-json\/wp\/v2\/product"}],"about":[{"href":"https:\/\/www.capirari.com\/it\/wp-json\/wp\/v2\/types\/product"}],"replies":[{"embeddable":true,"href":"https:\/\/www.capirari.com\/it\/wp-json\/wp\/v2\/comments?post=17985"}],"wp:featuredmedia":[{"embeddable":true,"href":"https:\/\/www.capirari.com\/it\/wp-json\/wp\/v2\/media\/18050"}],"wp:attachment":[{"href":"https:\/\/www.capirari.com\/it\/wp-json\/wp\/v2\/media?parent=17985"}],"wp:term":[{"taxonomy":"product_brand","embeddable":true,"href":"https:\/\/www.capirari.com\/it\/wp-json\/wp\/v2\/product_brand?post=17985"},{"taxonomy":"product_cat","embeddable":true,"href":"https:\/\/www.capirari.com\/it\/wp-json\/wp\/v2\/product_cat?post=17985"},{"taxonomy":"product_tag","embeddable":true,"href":"https:\/\/www.capirari.com\/it\/wp-json\/wp\/v2\/product_tag?post=17985"}],"curies":[{"name":"wp","href":"https:\/\/api.w.org\/{rel}","templated":true}]}}