{"id":17690,"date":"2025-03-10T11:18:02","date_gmt":"2025-03-10T10:18:06","guid":{"rendered":"https:\/\/www.capirari.com\/?post_type=product&#038;p=17690"},"modified":"2025-03-10T11:38:22","modified_gmt":"2025-03-10T10:38:22","slug":"amalfi-01-collo-capri","status":"publish","type":"product","link":"https:\/\/www.capirari.com\/it\/prodotto\/amalfi-01-collo-capri\/","title":{"rendered":"Amalfi 1 collo anni &#8217;50 capri"},"content":{"rendered":"<p>La camicia Amalfi si ispira alle camicie da uomo degli anni \u201850\/60. Realizzata in 100% cotone, presenta un delicato motivo millerighe azzurro, perfetto per chi ama uno stile raffinato e versatile. Il collo in stile anni \u201850, i bottoni in madreperla e il taglio sartoriale la rendono ideale sia per look casual che formali. Il collo \u00e8 fuso in un unico pezzo con la parte frontale della camicia, creando un meraviglioso roll\u00e9, sia indossato da solo che sotto una giacca. Questo tipo di collo \u00e8 una rarit\u00e0 nelle camicie pr\u00eat-\u00e0-porter, poich\u00e9 la sua costruzione \u00e8 incredibilmente complessa. I bottoni sono un dettaglio apparentemente piccolo, ma hanno un impatto significativo sull\u2019estetica generale della camicia; per questo utilizziamo solo i migliori bottoni in madreperla, aggiungendo un tocco di eleganza e raffinatezza ad ogni capo. <span class=\"html-span xexx8yu x4uap5 x18d9i69 xkhd6sd x1hl2dhg x16tdsg8 x1vvkbs x3nfvp2 x1j61x8r x1fcty0u xdj266r xat24cr xgzva0m xhhsvwb xxymvpz xlup9mm x1kky2od\"><img loading=\"lazy\" decoding=\"async\" class=\"xz74otr x168nmei x13lgxp2 x5pf9jr xo71vjh\" src=\"https:\/\/static.xx.fbcdn.net\/images\/emoji.php\/v9\/t51\/1\/16\/2714.png\" alt=\"\u2714\" width=\"16\" height=\"16\" \/><\/span> Realizzata artigianalmente in Italia <span class=\"html-span xexx8yu x4uap5 x18d9i69 xkhd6sd x1hl2dhg x16tdsg8 x1vvkbs x3nfvp2 x1j61x8r x1fcty0u xdj266r xat24cr xgzva0m xhhsvwb xxymvpz xlup9mm x1kky2od\"><img loading=\"lazy\" decoding=\"async\" class=\"xz74otr x168nmei x13lgxp2 x5pf9jr xo71vjh\" src=\"https:\/\/static.xx.fbcdn.net\/images\/emoji.php\/v9\/t51\/1\/16\/2714.png\" alt=\"\u2714\" width=\"16\" height=\"16\" \/><\/span> Collo in stile anni \u201950 <span class=\"html-span xexx8yu x4uap5 x18d9i69 xkhd6sd x1hl2dhg x16tdsg8 x1vvkbs x3nfvp2 x1j61x8r x1fcty0u xdj266r xat24cr xgzva0m xhhsvwb xxymvpz xlup9mm x1kky2od\"><img loading=\"lazy\" decoding=\"async\" class=\"xz74otr x168nmei x13lgxp2 x5pf9jr xo71vjh\" src=\"https:\/\/static.xx.fbcdn.net\/images\/emoji.php\/v9\/t51\/1\/16\/2714.png\" alt=\"\u2714\" width=\"16\" height=\"16\" \/><\/span> Vestibilit\u00e0 confortevole e traspirante Il modello indossa una taglia Small ed \u00e8 alto 178 cm.<\/p>\n","protected":false},"excerpt":{"rendered":"<p>Le Camicie Capirari sono un vero esempio di sartoria tradizionale Italiana, essendo completamente prodotte in Italia da manodopera selezionata e specializzata e con i tessuti ed i processi di lavorazione di pi\u00f9 alta qualit\u00e0.<\/p>\n","protected":false},"featured_media":17698,"comment_status":"open","ping_status":"closed","template":"","meta":{"_acf_changed":false},"product_brand":[],"product_cat":[672,28,31],"product_tag":[609,613,614,617,640,641,643,637],"class_list":{"0":"post-17690","1":"product","2":"type-product","3":"status-publish","4":"has-post-thumbnail","6":"product_cat-manica-corta","7":"product_cat-prodotti","8":"product_cat-camicie","9":"product_tag-100-cotone","10":"product_tag-1950s-it","11":"product_tag-614","12":"product_tag-amalfi","13":"product_tag-bottoni-in-madreperla","14":"product_tag-camicia-uomo","15":"product_tag-collo-sciallato","16":"product_tag-made-in-italy-it","18":"first","19":"instock","20":"purchasable","21":"product-type-variable"},"acf":[],"_links":{"self":[{"href":"https:\/\/www.capirari.com\/it\/wp-json\/wp\/v2\/product\/17690","targetHints":{"allow":["GET"]}}],"collection":[{"href":"https:\/\/www.capirari.com\/it\/wp-json\/wp\/v2\/product"}],"about":[{"href":"https:\/\/www.capirari.com\/it\/wp-json\/wp\/v2\/types\/product"}],"replies":[{"embeddable":true,"href":"https:\/\/www.capirari.com\/it\/wp-json\/wp\/v2\/comments?post=17690"}],"wp:featuredmedia":[{"embeddable":true,"href":"https:\/\/www.capirari.com\/it\/wp-json\/wp\/v2\/media\/17698"}],"wp:attachment":[{"href":"https:\/\/www.capirari.com\/it\/wp-json\/wp\/v2\/media?parent=17690"}],"wp:term":[{"taxonomy":"product_brand","embeddable":true,"href":"https:\/\/www.capirari.com\/it\/wp-json\/wp\/v2\/product_brand?post=17690"},{"taxonomy":"product_cat","embeddable":true,"href":"https:\/\/www.capirari.com\/it\/wp-json\/wp\/v2\/product_cat?post=17690"},{"taxonomy":"product_tag","embeddable":true,"href":"https:\/\/www.capirari.com\/it\/wp-json\/wp\/v2\/product_tag?post=17690"}],"curies":[{"name":"wp","href":"https:\/\/api.w.org\/{rel}","templated":true}]}}