{"id":17105,"date":"2024-11-19T10:03:10","date_gmt":"2024-11-19T09:03:14","guid":{"rendered":"https:\/\/www.capirari.com\/?post_type=product&#038;p=17105"},"modified":"2024-11-19T10:27:48","modified_gmt":"2024-11-19T09:27:48","slug":"riviera-3","status":"publish","type":"product","link":"https:\/\/www.capirari.com\/it\/prodotto\/riviera-3\/","title":{"rendered":"Riviera 3 manica lunga"},"content":{"rendered":"<p>Scopri il fascino dell&#8217;eleganza marittima con questa T-shirt a manica lunga ispirata all&#8217;atmosfera marittima. Realizzata artigianalmente in Italia con puro cotone di Manifatture Tessili Bresciane (finezza 7), Riviera garantisce una qualit\u00e0 e un comfort eccezionali. I raffinati profili a contrasto lungo il collo, le maniche e l&#8217;orlo aggiungono un tocco di eleganza, mentre l&#8217;apertura a V sugli orli laterali introduce un elemento estetico distintivo che esalta il fascino complessivo del capo. Il tessuto morbido e di peso medio offre un perfetto equilibrio tra traspirabilit\u00e0 e resistenza, rendendola la scelta ideale per qualsiasi occasione<\/p>\n<p>&nbsp;<\/p>\n","protected":false},"excerpt":{"rendered":"<p>Il maglione girocollo Axel in soft Shetland \u00e8 un vero esempio di artigianato italiano: \u00e8 completamente realizzato in Italia da abili artigiani utilizzando i filati pi\u00f9 nobili di prestigiosi filatori italiani.<\/p>\n","protected":false},"featured_media":17619,"comment_status":"open","ping_status":"closed","template":"","meta":{"_acf_changed":false},"product_brand":[],"product_cat":[28,30],"product_tag":[],"class_list":{"0":"post-17105","1":"product","2":"type-product","3":"status-publish","4":"has-post-thumbnail","6":"product_cat-prodotti","7":"product_cat-maglieria","9":"first","10":"instock","11":"sale","12":"purchasable","13":"product-type-variable"},"acf":[],"_links":{"self":[{"href":"https:\/\/www.capirari.com\/it\/wp-json\/wp\/v2\/product\/17105","targetHints":{"allow":["GET"]}}],"collection":[{"href":"https:\/\/www.capirari.com\/it\/wp-json\/wp\/v2\/product"}],"about":[{"href":"https:\/\/www.capirari.com\/it\/wp-json\/wp\/v2\/types\/product"}],"replies":[{"embeddable":true,"href":"https:\/\/www.capirari.com\/it\/wp-json\/wp\/v2\/comments?post=17105"}],"wp:featuredmedia":[{"embeddable":true,"href":"https:\/\/www.capirari.com\/it\/wp-json\/wp\/v2\/media\/17619"}],"wp:attachment":[{"href":"https:\/\/www.capirari.com\/it\/wp-json\/wp\/v2\/media?parent=17105"}],"wp:term":[{"taxonomy":"product_brand","embeddable":true,"href":"https:\/\/www.capirari.com\/it\/wp-json\/wp\/v2\/product_brand?post=17105"},{"taxonomy":"product_cat","embeddable":true,"href":"https:\/\/www.capirari.com\/it\/wp-json\/wp\/v2\/product_cat?post=17105"},{"taxonomy":"product_tag","embeddable":true,"href":"https:\/\/www.capirari.com\/it\/wp-json\/wp\/v2\/product_tag?post=17105"}],"curies":[{"name":"wp","href":"https:\/\/api.w.org\/{rel}","templated":true}]}}