{"id":16466,"date":"2024-02-19T08:30:34","date_gmt":"2024-02-19T07:30:35","guid":{"rendered":"https:\/\/www.capirari.com\/?post_type=product&#038;p=16466"},"modified":"2024-02-19T09:16:25","modified_gmt":"2024-02-19T08:16:25","slug":"drake-1","status":"publish","type":"product","link":"https:\/\/www.capirari.com\/it\/prodotto\/drake-1\/","title":{"rendered":"Drake 1"},"content":{"rendered":"<p>Valorizza il tuo stile con la nostra polo cardigan Drake, ispirata all&#8217;iconica moda degli anni &#8217;60. Realizzata artigianalmente in Italia con pregiata lana merino extra fine di Tollegno (finezza 7) , ogni pezzo incarna una meticolosa maestria artigianale e un&#8217;attenzione ai dettagli incomparabili. \u00a0Infusa dello spirito degli anni &#8217;60 , Drake fonde con eleganza il fascino retr\u00f2 con un tocco contemporaneo, offrendo un&#8217;eleganza senza tempo per il moderno intenditore.<\/p>\n<ul>\n<li>100% Lana Merino Extrafine<\/li>\n<li>Finezza 7<\/li>\n<li>Made in Italy<\/li>\n<li>Polsini ed orlo\u00a0 a costine<\/li>\n<li>Classic fit<\/li>\n<\/ul>\n","protected":false},"excerpt":{"rendered":"<p>Il maglione girocollo Axel in soft Shetland \u00e8 un vero esempio di artigianato italiano: \u00e8 completamente realizzato in Italia da abili artigiani utilizzando i filati pi\u00f9 nobili di prestigiosi filatori italiani.<\/p>\n","protected":false},"featured_media":16482,"comment_status":"open","ping_status":"closed","template":"","meta":{"_acf_changed":false},"product_brand":[],"product_cat":[28,30],"product_tag":[],"class_list":{"0":"post-16466","1":"product","2":"type-product","3":"status-publish","4":"has-post-thumbnail","6":"product_cat-prodotti","7":"product_cat-maglieria","9":"first","10":"outofstock","11":"purchasable","12":"product-type-variable"},"acf":[],"_links":{"self":[{"href":"https:\/\/www.capirari.com\/it\/wp-json\/wp\/v2\/product\/16466","targetHints":{"allow":["GET"]}}],"collection":[{"href":"https:\/\/www.capirari.com\/it\/wp-json\/wp\/v2\/product"}],"about":[{"href":"https:\/\/www.capirari.com\/it\/wp-json\/wp\/v2\/types\/product"}],"replies":[{"embeddable":true,"href":"https:\/\/www.capirari.com\/it\/wp-json\/wp\/v2\/comments?post=16466"}],"wp:featuredmedia":[{"embeddable":true,"href":"https:\/\/www.capirari.com\/it\/wp-json\/wp\/v2\/media\/16482"}],"wp:attachment":[{"href":"https:\/\/www.capirari.com\/it\/wp-json\/wp\/v2\/media?parent=16466"}],"wp:term":[{"taxonomy":"product_brand","embeddable":true,"href":"https:\/\/www.capirari.com\/it\/wp-json\/wp\/v2\/product_brand?post=16466"},{"taxonomy":"product_cat","embeddable":true,"href":"https:\/\/www.capirari.com\/it\/wp-json\/wp\/v2\/product_cat?post=16466"},{"taxonomy":"product_tag","embeddable":true,"href":"https:\/\/www.capirari.com\/it\/wp-json\/wp\/v2\/product_tag?post=16466"}],"curies":[{"name":"wp","href":"https:\/\/api.w.org\/{rel}","templated":true}]}}