{"id":15675,"date":"2022-11-25T14:50:22","date_gmt":"2022-11-25T13:50:27","guid":{"rendered":"https:\/\/www.capirari.com\/?post_type=product&#038;p=15675"},"modified":"2023-11-28T23:00:35","modified_gmt":"2023-11-28T22:00:35","slug":"axel-1","status":"publish","type":"product","link":"https:\/\/www.capirari.com\/it\/prodotto\/axel-1\/","title":{"rendered":"Axel 1"},"content":{"rendered":"<p>Lavorato a maglia in Italia da esperti artigiani utilizzando lana baby merino extrafine Supergeelong (finezza 5) di Zegna Baruffa, il maglione girocollo a manica lunga Axel \u00e8 il capo perfetto per il guardaroba della stagione fredda ed \u00e8 tanto intramontabile quanto lussuoso.<br \/>\nCaratterizzato da un sofisticato motivo a onde diagonali, colletto, polsini e orlo a coste.\u00a0 Adatto per outfit smart-casual.<\/p>\n<p>Caratteristiche:<\/p>\n<ul>\n<li>100% Lana Merino Extrafine Supergeelong.<\/li>\n<li>Finezza 5<\/li>\n<li>Made in Italy<\/li>\n<li>Collo, polsini ed orlo\u00a0 a costine<\/li>\n<li>Girocollo<\/li>\n<li>Classic fit<\/li>\n<\/ul>\n","protected":false},"excerpt":{"rendered":"<p>Il maglione girocollo Axel in Supergeelong \u00e8 un vero esempio di artigianato italiano: \u00e8 completamente realizzato in Italia da abili artigiani utilizzando i filati pi\u00f9 nobili di prestigiosi filatori italiani.<\/p>\n","protected":false},"featured_media":15689,"comment_status":"open","ping_status":"closed","template":"","meta":{"_acf_changed":false},"product_brand":[],"product_cat":[28,30],"product_tag":[752,687],"class_list":{"0":"post-15675","1":"product","2":"type-product","3":"status-publish","4":"has-post-thumbnail","6":"product_cat-prodotti","7":"product_cat-maglieria","8":"product_tag-madeinitaly-it","9":"product_tag-manica-lunga","11":"first","12":"outofstock","13":"purchasable","14":"product-type-variable"},"acf":[],"_links":{"self":[{"href":"https:\/\/www.capirari.com\/it\/wp-json\/wp\/v2\/product\/15675","targetHints":{"allow":["GET"]}}],"collection":[{"href":"https:\/\/www.capirari.com\/it\/wp-json\/wp\/v2\/product"}],"about":[{"href":"https:\/\/www.capirari.com\/it\/wp-json\/wp\/v2\/types\/product"}],"replies":[{"embeddable":true,"href":"https:\/\/www.capirari.com\/it\/wp-json\/wp\/v2\/comments?post=15675"}],"wp:featuredmedia":[{"embeddable":true,"href":"https:\/\/www.capirari.com\/it\/wp-json\/wp\/v2\/media\/15689"}],"wp:attachment":[{"href":"https:\/\/www.capirari.com\/it\/wp-json\/wp\/v2\/media?parent=15675"}],"wp:term":[{"taxonomy":"product_brand","embeddable":true,"href":"https:\/\/www.capirari.com\/it\/wp-json\/wp\/v2\/product_brand?post=15675"},{"taxonomy":"product_cat","embeddable":true,"href":"https:\/\/www.capirari.com\/it\/wp-json\/wp\/v2\/product_cat?post=15675"},{"taxonomy":"product_tag","embeddable":true,"href":"https:\/\/www.capirari.com\/it\/wp-json\/wp\/v2\/product_tag?post=15675"}],"curies":[{"name":"wp","href":"https:\/\/api.w.org\/{rel}","templated":true}]}}