{"id":15628,"date":"2022-11-25T14:37:19","date_gmt":"2022-11-25T13:37:22","guid":{"rendered":"https:\/\/www.capirari.com\/?post_type=product&#038;p=15628"},"modified":"2023-09-12T00:01:43","modified_gmt":"2023-09-11T22:01:43","slug":"alan-4","status":"publish","type":"product","link":"https:\/\/www.capirari.com\/it\/prodotto\/alan-4\/","title":{"rendered":"Alan 4"},"content":{"rendered":"<p>Caldo maglione collo alto a maniche lunghe sapientemente lavorato a maglia in Italia utilizzando morbida lana vergine shetland di prima qualit\u00e0 (finezza 7), che offre una mano morbida e leggera, pur mantenendo la trama ricca e la forza di una classica maglia shetland, creando uno strato versatile che fornisce un&#8217;eccellente calore senza sentirsi troppo pesante.<\/p>\n<p>La tonalit\u00e0 verde trifoglio e il design pulito di questo maglione Alan sono perfetti per dare un tocco vivace al guardaroba di ogni uomo.<\/p>\n<p>Il collo, i polsini e l&#8217;orlo sono rifiniti con una lavorazione a coste.<\/p>\n<p>Caratteristiche:<\/p>\n<ul>\n<li>100% soft shetland 2\/13 lana vergine<\/li>\n<li>Finezza 7<\/li>\n<li>Classic fit<\/li>\n<li>Collo alto<\/li>\n<li>Verde trifoglio<\/li>\n<li>Costine su collo, polsini ed orlo<\/li>\n<li>Made in Italy<\/li>\n<\/ul>\n","protected":false},"excerpt":{"rendered":"<p>Il maglione Alan collo alto in soft Shetland \u00e8 un vero esempio di artigianato italiano: \u00e8 completamente realizzato in Italia da abili artigiani utilizzando i filati pi\u00f9 nobili di prestigiosi filatori italiani.<\/p>\n","protected":false},"featured_media":15642,"comment_status":"open","ping_status":"closed","template":"","meta":{"_acf_changed":false},"product_brand":[],"product_cat":[28,30],"product_tag":[752,687],"class_list":{"0":"post-15628","1":"product","2":"type-product","3":"status-publish","4":"has-post-thumbnail","6":"product_cat-prodotti","7":"product_cat-maglieria","8":"product_tag-madeinitaly-it","9":"product_tag-manica-lunga","11":"first","12":"outofstock","13":"purchasable","14":"product-type-variable"},"acf":[],"_links":{"self":[{"href":"https:\/\/www.capirari.com\/it\/wp-json\/wp\/v2\/product\/15628","targetHints":{"allow":["GET"]}}],"collection":[{"href":"https:\/\/www.capirari.com\/it\/wp-json\/wp\/v2\/product"}],"about":[{"href":"https:\/\/www.capirari.com\/it\/wp-json\/wp\/v2\/types\/product"}],"replies":[{"embeddable":true,"href":"https:\/\/www.capirari.com\/it\/wp-json\/wp\/v2\/comments?post=15628"}],"wp:featuredmedia":[{"embeddable":true,"href":"https:\/\/www.capirari.com\/it\/wp-json\/wp\/v2\/media\/15642"}],"wp:attachment":[{"href":"https:\/\/www.capirari.com\/it\/wp-json\/wp\/v2\/media?parent=15628"}],"wp:term":[{"taxonomy":"product_brand","embeddable":true,"href":"https:\/\/www.capirari.com\/it\/wp-json\/wp\/v2\/product_brand?post=15628"},{"taxonomy":"product_cat","embeddable":true,"href":"https:\/\/www.capirari.com\/it\/wp-json\/wp\/v2\/product_cat?post=15628"},{"taxonomy":"product_tag","embeddable":true,"href":"https:\/\/www.capirari.com\/it\/wp-json\/wp\/v2\/product_tag?post=15628"}],"curies":[{"name":"wp","href":"https:\/\/api.w.org\/{rel}","templated":true}]}}