{"id":12935,"date":"2021-12-09T18:22:50","date_gmt":"2021-12-09T17:22:51","guid":{"rendered":"https:\/\/www.capirari.com\/?post_type=product&#038;p=12935"},"modified":"2022-03-02T00:02:48","modified_gmt":"2022-03-01T23:02:48","slug":"rick-02-cashmere","status":"publish","type":"product","link":"https:\/\/www.capirari.com\/it\/prodotto\/rick-02-cashmere\/","title":{"rendered":"Rick 02 cashmere"},"content":{"rendered":"<p>Maglia dolcevita con disegno a trecce che percorre il lato sinistro del capo. Sapientemente realizzato in Italia da abili artigiani utilizzando cashmere incredibilmente morbido. Il collo alto, i polsini e l&#8217;orlo a coste sono progettati per tenere a bada il freddo invernale. Adatto per outfit smart-casual. Ideale sotto i capispalla per le stagioni fredde durante il tempo libero.<br \/>\nRick \u00e8 un maglione esclusivo di cui nessun guardaroba dovrebbe fare a meno!<\/p>\n<p>Caratteristiche:<\/p>\n<ul>\n<li>100% Cashmere<\/li>\n<li>Finezza 5<\/li>\n<li>4 fili<\/li>\n<li>Slim fit<\/li>\n<li>girocollo<\/li>\n<li>Motivo a treccia sul lato sinistro del capo<\/li>\n<li>Costine su collo, polsini ed orlo<\/li>\n<li>Made in Italy<\/li>\n<\/ul>\n","protected":false},"excerpt":{"rendered":"<p>Il maglione dolcevita in cashmere Rick \u00e8 un vero esempio di artigianato italiano: \u00e8 completamente realizzato in Italia da abili artigiani utilizzando i filati pi\u00f9 nobili di prestigiosi filatori italiani.<\/p>\n","protected":false},"featured_media":13069,"comment_status":"open","ping_status":"closed","template":"","meta":{"_acf_changed":false},"product_brand":[],"product_cat":[28,30],"product_tag":[762,765,763,752,687,767],"class_list":{"0":"post-12935","1":"product","2":"type-product","3":"status-publish","4":"has-post-thumbnail","6":"product_cat-prodotti","7":"product_cat-maglieria","8":"product_tag-100-cashmere-it","9":"product_tag-cableknit-it","10":"product_tag-kashmir-it","11":"product_tag-madeinitaly-it","12":"product_tag-manica-lunga","13":"product_tag-roll-neck-it","15":"first","16":"outofstock","17":"purchasable","18":"product-type-variable"},"acf":[],"_links":{"self":[{"href":"https:\/\/www.capirari.com\/it\/wp-json\/wp\/v2\/product\/12935","targetHints":{"allow":["GET"]}}],"collection":[{"href":"https:\/\/www.capirari.com\/it\/wp-json\/wp\/v2\/product"}],"about":[{"href":"https:\/\/www.capirari.com\/it\/wp-json\/wp\/v2\/types\/product"}],"replies":[{"embeddable":true,"href":"https:\/\/www.capirari.com\/it\/wp-json\/wp\/v2\/comments?post=12935"}],"wp:featuredmedia":[{"embeddable":true,"href":"https:\/\/www.capirari.com\/it\/wp-json\/wp\/v2\/media\/13069"}],"wp:attachment":[{"href":"https:\/\/www.capirari.com\/it\/wp-json\/wp\/v2\/media?parent=12935"}],"wp:term":[{"taxonomy":"product_brand","embeddable":true,"href":"https:\/\/www.capirari.com\/it\/wp-json\/wp\/v2\/product_brand?post=12935"},{"taxonomy":"product_cat","embeddable":true,"href":"https:\/\/www.capirari.com\/it\/wp-json\/wp\/v2\/product_cat?post=12935"},{"taxonomy":"product_tag","embeddable":true,"href":"https:\/\/www.capirari.com\/it\/wp-json\/wp\/v2\/product_tag?post=12935"}],"curies":[{"name":"wp","href":"https:\/\/api.w.org\/{rel}","templated":true}]}}