{"id":12827,"date":"2021-12-09T12:22:19","date_gmt":"2021-12-09T11:22:22","guid":{"rendered":"https:\/\/www.capirari.com\/?post_type=product&#038;p=12827"},"modified":"2022-03-02T00:02:49","modified_gmt":"2022-03-01T23:02:49","slug":"steve-01-100-cashmere","status":"publish","type":"product","link":"https:\/\/www.capirari.com\/it\/prodotto\/steve-01-100-cashmere\/","title":{"rendered":"Steve 02 100% cashmere"},"content":{"rendered":"<p>Realizzato in Italia da esperti artigiani utilizzando un cashmere incredibilmente morbido, questo maglione girocollo a maniche lunghe \u00e8 il capo perfetto nel guardaroba per la stagione calda ed \u00e8 tanto intramontabile quanto lussuoso.<br \/>\nIl design a maglia strutturata a trecce ampie ricorda il classico maglione stile pescatore. Adatto per outfit smart-casual. Ideale sotto i capispalla per le stagioni fredde durante il tempo libero. Il maglione Steve \u00e8 una sensazione super morbida e lussuosa.<\/p>\n<p>Caratteristiche:<\/p>\n<ul>\n<li>100% Cashmere<\/li>\n<li>Finezza 5<\/li>\n<li>4 fili<\/li>\n<li>Slim fit<\/li>\n<li>girocollo<\/li>\n<li>Motivo a treccia<\/li>\n<li>Costine su collo, polsini ed orlo<\/li>\n<li>Made in Italy<\/li>\n<\/ul>\n","protected":false},"excerpt":{"rendered":"<p>Il maglione in cashmere Steve \u00e8 un vero esempio di artigianato italiano: \u00e8 realizzato completamente in Italia da abili artigiani utilizzando i filati pi\u00f9 nobili di prestigiosi filatori italiani.<\/p>\n","protected":false},"featured_media":13052,"comment_status":"open","ping_status":"closed","template":"","meta":{"_acf_changed":false},"product_brand":[],"product_cat":[28,30],"product_tag":[762,765,764,763,752,687],"class_list":{"0":"post-12827","1":"product","2":"type-product","3":"status-publish","4":"has-post-thumbnail","6":"product_cat-prodotti","7":"product_cat-maglieria","8":"product_tag-100-cashmere-it","9":"product_tag-cableknit-it","10":"product_tag-crew-neck-it","11":"product_tag-kashmir-it","12":"product_tag-madeinitaly-it","13":"product_tag-manica-lunga","15":"first","16":"outofstock","17":"purchasable","18":"product-type-variable"},"acf":[],"_links":{"self":[{"href":"https:\/\/www.capirari.com\/it\/wp-json\/wp\/v2\/product\/12827","targetHints":{"allow":["GET"]}}],"collection":[{"href":"https:\/\/www.capirari.com\/it\/wp-json\/wp\/v2\/product"}],"about":[{"href":"https:\/\/www.capirari.com\/it\/wp-json\/wp\/v2\/types\/product"}],"replies":[{"embeddable":true,"href":"https:\/\/www.capirari.com\/it\/wp-json\/wp\/v2\/comments?post=12827"}],"wp:featuredmedia":[{"embeddable":true,"href":"https:\/\/www.capirari.com\/it\/wp-json\/wp\/v2\/media\/13052"}],"wp:attachment":[{"href":"https:\/\/www.capirari.com\/it\/wp-json\/wp\/v2\/media?parent=12827"}],"wp:term":[{"taxonomy":"product_brand","embeddable":true,"href":"https:\/\/www.capirari.com\/it\/wp-json\/wp\/v2\/product_brand?post=12827"},{"taxonomy":"product_cat","embeddable":true,"href":"https:\/\/www.capirari.com\/it\/wp-json\/wp\/v2\/product_cat?post=12827"},{"taxonomy":"product_tag","embeddable":true,"href":"https:\/\/www.capirari.com\/it\/wp-json\/wp\/v2\/product_tag?post=12827"}],"curies":[{"name":"wp","href":"https:\/\/api.w.org\/{rel}","templated":true}]}}