{"id":12725,"date":"2021-12-09T11:02:50","date_gmt":"2021-12-09T10:02:52","guid":{"rendered":"https:\/\/www.capirari.com\/?post_type=product&#038;p=12725"},"modified":"2021-12-10T10:04:37","modified_gmt":"2021-12-10T09:04:37","slug":"brian-01","status":"publish","type":"product","link":"https:\/\/www.capirari.com\/it\/prodotto\/brian-01\/","title":{"rendered":"Brian 01"},"content":{"rendered":"<p>La cornice perfetta per una camicia elegante o casual, il maglione a trecce Brian con scollo a V in colore avorio, presenta dettagli a righe retr\u00f2 sul colletto in grigio e azzurro per un tocco sportivo vintage ottimale. Anche l&#8217;orlo e i polsini sono bordati in grigio. I dettagli in maglia a trecce si aggiungono all&#8217;atmosfera vintage del maglione da cricket.<br \/>\nRealizzato in lana cardata finezza 12 Supergeelong di Zegna Baruffa, risulta cosi morbido, caldo ma allo stesso tempo leggero.<\/p>\n<p>Caratteristiche:<\/p>\n<ul>\n<li>100% Extra fine baby Merino wool Supergeelong<\/li>\n<li>Finezza 12<\/li>\n<li>Slim fit<\/li>\n<li>Collo a V<\/li>\n<li>Motivo a treccia<\/li>\n<li>Costine su collo, polsini ed orlo<\/li>\n<li>Made in Italy<\/li>\n<\/ul>\n","protected":false},"excerpt":{"rendered":"<p>Il maglione Brian con scollo a V \u00e8 un vero esempio di artigianato italiano: \u00e8 completamente realizzato in Italia da abili artigiani utilizzando i filati pi\u00f9 nobili di prestigiose filature italiane.<\/p>\n","protected":false},"featured_media":13011,"comment_status":"open","ping_status":"closed","template":"","meta":{"_acf_changed":false},"product_brand":[],"product_cat":[28,30],"product_tag":[611,640,752,687,753,756,757],"class_list":{"0":"post-12725","1":"product","2":"type-product","3":"status-publish","4":"has-post-thumbnail","6":"product_cat-prodotti","7":"product_cat-maglieria","8":"product_tag-100-lana-merino-extra-fine","9":"product_tag-bottoni-in-madreperla","10":"product_tag-madeinitaly-it","11":"product_tag-manica-lunga","12":"product_tag-poloshirt-it","13":"product_tag-supergeelong-it","14":"product_tag-zegna-baruffa-it","16":"first","17":"outofstock","18":"purchasable","19":"product-type-variable"},"acf":[],"_links":{"self":[{"href":"https:\/\/www.capirari.com\/it\/wp-json\/wp\/v2\/product\/12725","targetHints":{"allow":["GET"]}}],"collection":[{"href":"https:\/\/www.capirari.com\/it\/wp-json\/wp\/v2\/product"}],"about":[{"href":"https:\/\/www.capirari.com\/it\/wp-json\/wp\/v2\/types\/product"}],"replies":[{"embeddable":true,"href":"https:\/\/www.capirari.com\/it\/wp-json\/wp\/v2\/comments?post=12725"}],"wp:featuredmedia":[{"embeddable":true,"href":"https:\/\/www.capirari.com\/it\/wp-json\/wp\/v2\/media\/13011"}],"wp:attachment":[{"href":"https:\/\/www.capirari.com\/it\/wp-json\/wp\/v2\/media?parent=12725"}],"wp:term":[{"taxonomy":"product_brand","embeddable":true,"href":"https:\/\/www.capirari.com\/it\/wp-json\/wp\/v2\/product_brand?post=12725"},{"taxonomy":"product_cat","embeddable":true,"href":"https:\/\/www.capirari.com\/it\/wp-json\/wp\/v2\/product_cat?post=12725"},{"taxonomy":"product_tag","embeddable":true,"href":"https:\/\/www.capirari.com\/it\/wp-json\/wp\/v2\/product_tag?post=12725"}],"curies":[{"name":"wp","href":"https:\/\/api.w.org\/{rel}","templated":true}]}}