{"id":11424,"date":"2021-11-02T12:50:42","date_gmt":"2021-11-02T11:50:42","guid":{"rendered":"https:\/\/www.capirari.com\/?post_type=product&#038;p=11424"},"modified":"2026-04-22T12:53:37","modified_gmt":"2026-04-22T10:53:37","slug":"monty-polo-cardigan-ciliegia","status":"publish","type":"product","link":"https:\/\/www.capirari.com\/it\/prodotto\/monty-polo-cardigan-ciliegia\/","title":{"rendered":"Monty ciliegia"},"content":{"rendered":"<p>Rivivi l&#8217;eleganza sofisticata degli anni &#8217;50 e &#8217;60 con questa esclusiva Polo Cardigan bicolore, dove lo stile vintage incontra l&#8217;eccellenza sartoriale italiana. Dettagli del Prodotto:<\/p>\n<p><strong>\u2022 Puro Cotone Premium:<\/strong> Realizzata interamente in 100% puro cotone di alta qualit\u00e0, questa polo cardigan offre una morbidezza eccezionale, traspirabilit\u00e0 e un comfort che dura tutto il giorno.<\/p>\n<p><strong>\u2022 Artigianalit\u00e0 Italiana Su Ordinazione:<\/strong> Ogni capo \u00e8 un&#8217;opera d&#8217;arte unica, realizzata a mano, uno ad uno, dai nostri maestri artigiani in Italia. Questo processo garantisce la massima attenzione ai dettagli e la possibilit\u00e0 di creare un capo su misura per voi.<\/p>\n<p><strong>\u2022 Design Bicolore e Trama Testurizzata:<\/strong> L&#8217;audace combinazione di colori Cherry e Avorio crea un contrasto visivo accattivante. La parte anteriore \u00e8 impreziosita da una raffinata trama a riquadri in rilievo che aggiunge profondit\u00e0 e texture al design.<\/p>\n<p><strong> \u2022 Finiture di Lusso:<\/strong> I bottoni in vera madreperla aggiungono un tocco di lusso, mentre le asole fatte a mano testimoniano la cura e la dedizione dei nostri artigiani.<\/p>\n<p><strong> \u2022 Ispirazione Vintage e Vestibilit\u00e0 Regolare:<\/strong> Il colletto a coste e le finiture a coste evocano l&#8217;estetica degli anni &#8217;50 e &#8217;60, conferendo al capo un fascino retr\u00f2 senza tempo. La vestibilit\u00e0 regolare offre comfort e libert\u00e0 di movimento, adattandosi a diverse corporature.<\/p>\n<p><strong>Perch\u00e9 Sceglierla:<\/strong> La nostra Polo Cardigan Cherry e Avorio \u00e8 molto pi\u00f9 di un semplice capo d&#8217;abbigliamento. \u00c8 un&#8217;investimento in stile, artigianalit\u00e0 e qualit\u00e0. \u00c8 la scelta perfetta per chi cerca un capo unico, versatile e di alta qualit\u00e0, perfetto per ogni occasione.<\/p>\n<p>Non accettiamo resi o cambi di taglia su questo articolo. Vi preghiamo di consultare attentamente la tabella misure. Se hai bisogno di ulteriori informazioni, ti preghiamo di contattarci, saremo pi\u00f9 che felici di aiutarti.<\/p>\n<p>&nbsp;<\/p>\n","protected":false},"excerpt":{"rendered":"<p>La maglia Monty \u00e8 un vero esempio di artigianato italiano: \u00e8 completamente prodotta in Italia dalle abili mani della nostra fidata magliaia utilizzando i filati pi\u00f9 nobili di prestigiose filature italiane.<\/p>\n","protected":false},"featured_media":18421,"comment_status":"open","ping_status":"closed","template":"","meta":{"_acf_changed":false},"product_brand":[],"product_cat":[28,30],"product_tag":[640,639,637],"class_list":{"0":"post-11424","1":"product","2":"type-product","3":"status-publish","4":"has-post-thumbnail","6":"product_cat-prodotti","7":"product_cat-maglieria","8":"product_tag-bottoni-in-madreperla","9":"product_tag-cardigan-uomo","10":"product_tag-made-in-italy-it","12":"first","13":"onbackorder","14":"featured","15":"purchasable","16":"product-type-variable"},"acf":[],"_links":{"self":[{"href":"https:\/\/www.capirari.com\/it\/wp-json\/wp\/v2\/product\/11424","targetHints":{"allow":["GET"]}}],"collection":[{"href":"https:\/\/www.capirari.com\/it\/wp-json\/wp\/v2\/product"}],"about":[{"href":"https:\/\/www.capirari.com\/it\/wp-json\/wp\/v2\/types\/product"}],"replies":[{"embeddable":true,"href":"https:\/\/www.capirari.com\/it\/wp-json\/wp\/v2\/comments?post=11424"}],"wp:featuredmedia":[{"embeddable":true,"href":"https:\/\/www.capirari.com\/it\/wp-json\/wp\/v2\/media\/18421"}],"wp:attachment":[{"href":"https:\/\/www.capirari.com\/it\/wp-json\/wp\/v2\/media?parent=11424"}],"wp:term":[{"taxonomy":"product_brand","embeddable":true,"href":"https:\/\/www.capirari.com\/it\/wp-json\/wp\/v2\/product_brand?post=11424"},{"taxonomy":"product_cat","embeddable":true,"href":"https:\/\/www.capirari.com\/it\/wp-json\/wp\/v2\/product_cat?post=11424"},{"taxonomy":"product_tag","embeddable":true,"href":"https:\/\/www.capirari.com\/it\/wp-json\/wp\/v2\/product_tag?post=11424"}],"curies":[{"name":"wp","href":"https:\/\/api.w.org\/{rel}","templated":true}]}}