{"id":6267,"date":"2020-03-03T14:46:21","date_gmt":"2020-03-03T13:46:21","guid":{"rendered":"http:\/\/www.capirari.com\/?page_id=6267"},"modified":"2020-03-03T14:46:24","modified_gmt":"2020-03-03T13:46:24","slug":"filosofia","status":"publish","type":"page","link":"https:\/\/www.capirari.com\/it\/filosofia\/","title":{"rendered":"Filosofia"},"content":{"rendered":"\n<h3 class=\"wp-block-heading\"><strong>\u201cArtigianato a colpo d\u2019occhio, la nostra anima in ogni creazione\u201d<\/strong><\/h3>\n\n\n\n<p> Crediamo nello stile, inteso come espressione dell\u2019individualit\u00e0 e della creativit\u00e0 personale. <\/p>\n\n\n\n<p>Il modernismo inglese degli anni \u201960, lo stile Ivy League americano e l\u2019arte sartoriale italiana sono fonte di ispirazione per le nostre creazioni. <\/p>\n\n\n\n<p>I nostri prodotti sono realizzati unicamente da laboratori artigianali altamente specializzati, situati nel distretto tessile-abbigliamento pi\u00f9 all&#8217;avanguardia in Italia, le Marche.<\/p>\n\n\n\n<p>L\u2019esperienza manifatturiera unita alla costante ricerca di un\u2019altissima qualit\u00e0 e creativit\u00e0 lungo ciascun passaggio del processo produttivo, conferiscono alle nostre collezioni una delle pi\u00f9 elevate espressioni dell\u2019artigianalit\u00e0 Made in Italy. <\/p>\n\n\n\n<p>Nascono cos\u00ec capi esclusivi, caratterizzati da dettagli ricercati e vestibilit\u00e0 impeccabili, che coniugano eleganza stile e ricercatezza. <\/p>\n","protected":false},"excerpt":{"rendered":"<p>\u201cArtigianato a colpo d\u2019occhio, la nostra anima in ogni creazione\u201d Crediamo nello stile, inteso come espressione dell\u2019individualit\u00e0 e della creativit\u00e0 personale. Il modernismo inglese degli anni \u201960, lo stile Ivy League americano e l\u2019arte sartoriale italiana sono fonte di ispirazione per le nostre creazioni. I nostri prodotti sono realizzati unicamente da laboratori artigianali altamente specializzati, [&hellip;]<\/p>\n","protected":false},"author":1,"featured_media":0,"parent":0,"menu_order":0,"comment_status":"closed","ping_status":"closed","template":"template-fullwidth.php","meta":{"_acf_changed":false,"footnotes":""},"class_list":["post-6267","page","type-page","status-publish","hentry"],"acf":[],"featured_image_src":null,"featured_image_src_square":null,"_links":{"self":[{"href":"https:\/\/www.capirari.com\/it\/wp-json\/wp\/v2\/pages\/6267","targetHints":{"allow":["GET"]}}],"collection":[{"href":"https:\/\/www.capirari.com\/it\/wp-json\/wp\/v2\/pages"}],"about":[{"href":"https:\/\/www.capirari.com\/it\/wp-json\/wp\/v2\/types\/page"}],"author":[{"embeddable":true,"href":"https:\/\/www.capirari.com\/it\/wp-json\/wp\/v2\/users\/1"}],"replies":[{"embeddable":true,"href":"https:\/\/www.capirari.com\/it\/wp-json\/wp\/v2\/comments?post=6267"}],"version-history":[{"count":2,"href":"https:\/\/www.capirari.com\/it\/wp-json\/wp\/v2\/pages\/6267\/revisions"}],"predecessor-version":[{"id":6271,"href":"https:\/\/www.capirari.com\/it\/wp-json\/wp\/v2\/pages\/6267\/revisions\/6271"}],"wp:attachment":[{"href":"https:\/\/www.capirari.com\/it\/wp-json\/wp\/v2\/media?parent=6267"}],"curies":[{"name":"wp","href":"https:\/\/api.w.org\/{rel}","templated":true}]}}