{"id":6072,"date":"2020-02-04T12:44:30","date_gmt":"2020-02-04T11:44:30","guid":{"rendered":"http:\/\/www.capirari.com\/?page_id=6072"},"modified":"2020-02-04T12:46:45","modified_gmt":"2020-02-04T11:46:45","slug":"trasporto","status":"publish","type":"page","link":"https:\/\/www.capirari.com\/it\/trasporto\/","title":{"rendered":"Spedizioni"},"content":{"rendered":"\n<p>Le spedizioni vengono effettuate in tutto il mondo da Corriere UPS ed impiegano:<\/p>\n\n\n\n<ul class=\"wp-block-list\"><li>1-2 giorni&nbsp;lavorativi verso&nbsp;l\u2019Italia. Per regione Calabria, Sicilia e Sardegna il tempo di consegna potrebbe variare.<\/li><li>4-5 giorni lavorativi verso i&nbsp;paesi membri dell\u2019 Unione Europea<\/li><li>4-5 giorni lavorativi verso&nbsp;Stati Uniti, Asia e Australia.<\/li><\/ul>\n\n\n\n<p>Qualora il cliente scelga di utilizzare il servizio espresso, pu\u00f2 tranquillamente inviare una e-mail a <a href=\"mailto:info@capirari.com\"><strong>info@capirari.com<\/strong><\/a> prima di procedere con l\u2019ordine.<\/p>\n\n\n\n<p>Tutte le spedizioni saranno tracciate tramite tracking number sul sito&nbsp;<strong><a href=\"https:\/\/www.ups.it\">www.ups.it<\/a><\/strong>&nbsp;dopo l\u2019invio del tracking ID da parte del nostro sistema.<\/p>\n\n\n\n<p>CAPIRARI&nbsp;non si ritiene responsabile per imprevisti ritardi nella consegna indipendenti dalla sua&nbsp;volont\u00e0.<\/p>\n\n\n\n<p>Se il pagamento avviene mediante Ricarica Poste Pay o Bonifico Bancario, il pacco verr\u00e0 spedito alla ricezione del pagamento.<\/p>\n\n\n\n<p>Se l\u2019ordine arriver\u00e0 nel pomeriggio, il pacco partir\u00e0 il giorno seguente.<\/p>\n\n\n\n<p>Per tutti gli ordini pervenuti nei giorni di Venerd\u00ec, Sabato e Domenica di ogni settimana, il pacco verr\u00e0 spedito il Luned\u00ec seguente.<\/p>\n\n\n\n<p>Il corriere effettua consegne dal luned\u00ec al venerd\u00ec, sia il mattino che il pomeriggio. Il destinatario non pu\u00f2 richiedere la consegna in giorni od orari precisi. In caso di assenza del destinatario, il corriere lascer\u00e0 un avviso di passaggio, tramite un\u2019etichetta apposta al domicilio. La consegna sar\u00e0 tentata una volta: poi, in caso negativo, il corriere porter\u00e0 il pacco presso l\u2019Access Point UPS pi\u00f9 vicino. CAPIRARI non sar\u00e0 responsabile per eventuali disfunzioni nel servizio di consegna da parte del corriere.<\/p>\n","protected":false},"excerpt":{"rendered":"<p>Le spedizioni vengono effettuate in tutto il mondo da Corriere UPS ed impiegano: 1-2 giorni&nbsp;lavorativi verso&nbsp;l\u2019Italia. Per regione Calabria, Sicilia e Sardegna il tempo di consegna potrebbe variare. 4-5 giorni lavorativi verso i&nbsp;paesi membri dell\u2019 Unione Europea 4-5 giorni lavorativi verso&nbsp;Stati Uniti, Asia e Australia. Qualora il cliente scelga di utilizzare il servizio espresso, pu\u00f2 [&hellip;]<\/p>\n","protected":false},"author":1,"featured_media":0,"parent":0,"menu_order":0,"comment_status":"closed","ping_status":"closed","template":"template-fullwidth.php","meta":{"_acf_changed":false,"footnotes":""},"class_list":["post-6072","page","type-page","status-publish","hentry"],"acf":[],"featured_image_src":null,"featured_image_src_square":null,"_links":{"self":[{"href":"https:\/\/www.capirari.com\/it\/wp-json\/wp\/v2\/pages\/6072","targetHints":{"allow":["GET"]}}],"collection":[{"href":"https:\/\/www.capirari.com\/it\/wp-json\/wp\/v2\/pages"}],"about":[{"href":"https:\/\/www.capirari.com\/it\/wp-json\/wp\/v2\/types\/page"}],"author":[{"embeddable":true,"href":"https:\/\/www.capirari.com\/it\/wp-json\/wp\/v2\/users\/1"}],"replies":[{"embeddable":true,"href":"https:\/\/www.capirari.com\/it\/wp-json\/wp\/v2\/comments?post=6072"}],"version-history":[{"count":2,"href":"https:\/\/www.capirari.com\/it\/wp-json\/wp\/v2\/pages\/6072\/revisions"}],"predecessor-version":[{"id":6075,"href":"https:\/\/www.capirari.com\/it\/wp-json\/wp\/v2\/pages\/6072\/revisions\/6075"}],"wp:attachment":[{"href":"https:\/\/www.capirari.com\/it\/wp-json\/wp\/v2\/media?parent=6072"}],"curies":[{"name":"wp","href":"https:\/\/api.w.org\/{rel}","templated":true}]}}