{"id":6068,"date":"2020-02-04T12:40:35","date_gmt":"2020-02-04T11:40:35","guid":{"rendered":"http:\/\/www.capirari.com\/?page_id=6068"},"modified":"2020-03-13T12:07:01","modified_gmt":"2020-03-13T11:07:01","slug":"modalita-di-consegna-e-reso","status":"publish","type":"page","link":"https:\/\/www.capirari.com\/it\/modalita-di-consegna-e-reso\/","title":{"rendered":"Modalit\u00e0 di consegna e reso"},"content":{"rendered":"\n<h2 class=\"wp-block-heading\"><strong>Modalit\u00e0 di consegna<\/strong><\/h2>\n\n\n\n<p>Le spedizioni vengono effettuate in tutto il mondo da Corriere UPS ed impiegano:<\/p>\n\n\n\n<ul class=\"wp-block-list\"><li>1-2 giorni&nbsp;lavorativi verso&nbsp;l\u2019Italia. Per regione Calabria, Sicilia e Sardegna il tempo di consegna potrebbe variare.<\/li><li>4-5 giorni lavorativi verso i&nbsp;paesi membri dell\u2019 Unione Europea<\/li><li>4-5 giorni lavorativi verso&nbsp;Stati Uniti, Asia e Australia.<\/li><\/ul>\n\n\n\n<p>Qualora il cliente scelga di utilizzare il servizio espresso, pu\u00f2 tranquillamente inviare una e-mail a <a href=\"mailto:info@capirari.com\"><strong>info@capirari.com<\/strong><\/a> prima di procedere con l\u2019ordine.<\/p>\n\n\n\n<p>Tutte le spedizioni saranno tracciate tramite tracking number sul sito&nbsp;<strong><a href=\"https:\/\/www.ups.it\/\">www.ups.it<\/a><\/strong>&nbsp;dopo l\u2019invio del tracking ID da parte del nostro sistema.<\/p>\n\n\n\n<p>CAPIRARI&nbsp;non si ritiene responsabile per imprevisti ritardi nella consegna indipendenti dalla sua&nbsp;volont\u00e0.<\/p>\n\n\n\n<p>Se il pagamento avviene mediante Ricarica Poste Pay o Bonifico Bancario, il pacco verr\u00e0 spedito alla ricezione del pagamento.<\/p>\n\n\n\n<p>Se l\u2019ordine arriver\u00e0 nel pomeriggio, il pacco partir\u00e0 il giorno seguente.<\/p>\n\n\n\n<p>Per tutti gli ordini pervenuti nei giorni di Venerd\u00ec, Sabato e Domenica di ogni settimana, il pacco verr\u00e0 spedito il Luned\u00ec seguente.Paragraph<\/p>\n\n\n\n<p>Il corriere effettua consegne dal luned\u00ec al venerd\u00ec, sia il mattino che il pomeriggio. Il destinatario non pu\u00f2 richiedere la consegna in giorni od orari precisi. In caso di assenza del destinatario, il corriere lascer\u00e0 un avviso di passaggio, tramite un\u2019etichetta apposta al domicilio. La consegna sar\u00e0 tentata una volta: poi, in caso negativo, il corriere porter\u00e0 il pacco presso l\u2019Access Point UPS pi\u00f9 vicino. CAPIRARI non sar\u00e0 responsabile per eventuali disfunzioni nel servizio di consegna da parte del corriere.<\/p>\n\n\n\n<h2 class=\"wp-block-heading\"><strong>Modalit\u00e0 di reso<\/strong><\/h2>\n\n\n\n<p><\/p>\n\n\n\n<p>Se per qualsiasi motivo il Cliente non fosse soddisfatto del proprio acquisto, CAPIRARI, concede un termine di&nbsp;<strong>14 giorni&nbsp;<\/strong>(lavorativi)dalla data di ricezione della merce .<\/p>\n\n\n\n<p>Per richiedere l\u2019autorizzazione al reso (ai sensi del D.Lgs 21\/2014, art. 52), il Cliente deve inviare una richiesta all\u2019indirizzo e-mail:&nbsp;<strong><a href=\"mailto:info@capirari.com\">info@capirari.com<\/a><\/strong>&nbsp;oppure al numero telefonico:&nbsp;<strong>+393492834403<\/strong>.<\/p>\n\n\n\n<p>I prodotti devono essere restituiti al seguente indirizzo:<br>CAPIRARI di Lorenzo Salvatori<br>Via Bonini 147<br>61122 Pesaro (PU)<br>Italia<\/p>\n\n\n\n<p>Nella comunicazione devono essere specificati i codici degli articoli che si intendono restituire e la compensazione desiderata: cambio taglia\/articolo, buono acquisto o rimborso.<\/p>\n\n\n\n<p>Nel caso in cui il prodotto associato alla sostituzione non \u00e8&nbsp;presente nel nostro Shop on-line, il cliente pu\u00f2 richiedere un buono acquisto da utilizzare sul nostro sito oppure il rimborso.<\/p>\n\n\n\n<p>CAPIRARI provveder\u00e0 ad autorizzare il reso entro le 24h lavorative successive alla ricezione della richiesta.<\/p>\n\n\n\n<p>Si fa presente che il costo della spedizione di reso \u00e8 a carico del cliente (ai sensi del D.Lgs 21\/2014, art. 57), mentre il trasporto di ritorno&nbsp;al cliente \u00e8&nbsp;gratuito.<br>Nel caso di un articolo difettato o inviato erroneamente il costo della spedizione di reso \u00e8 a carico di CAPIRARI.<br>Nel caso di articoli difettati\/errati CAPIRARI&nbsp;chiede una prova fotografica del problema prima di autorizzare il reso.<\/p>\n\n\n\n<p><strong>TERMINI E CONDIZIONI<\/strong><\/p>\n\n\n\n<p>I capi non devono essere stati indossati, lavati o alterati e non devono presentare nessun segno d\u2019uso.<br>Ogni capo deve essere restituito comprensivo di tutte le etichette, confezioni ed accessori originali eventualmente ricevuti insieme all\u2019ordine.<br>Tutti i capi restituiti sono sottoposti ad ispezione da parte di CAPIRARI e devono rispettare tutti i parametri elencati nella procedura di reso. CAPIRARI&nbsp;si riserva il diritto di stabilire un addebito pari al 10% del valore della merce restituita nei casi in cui il reso non sia conforme a tutti i termini e condizioni previsti dalla nostra politica resi.<\/p>\n","protected":false},"excerpt":{"rendered":"<p>Modalit\u00e0 di consegna Le spedizioni vengono effettuate in tutto il mondo da Corriere UPS ed impiegano: 1-2 giorni&nbsp;lavorativi verso&nbsp;l\u2019Italia. Per regione Calabria, Sicilia e Sardegna il tempo di consegna potrebbe variare. 4-5 giorni lavorativi verso i&nbsp;paesi membri dell\u2019 Unione Europea 4-5 giorni lavorativi verso&nbsp;Stati Uniti, Asia e Australia. Qualora il cliente scelga di utilizzare il [&hellip;]<\/p>\n","protected":false},"author":1,"featured_media":0,"parent":0,"menu_order":0,"comment_status":"closed","ping_status":"closed","template":"template-fullwidth.php","meta":{"_acf_changed":false,"footnotes":""},"class_list":["post-6068","page","type-page","status-publish","hentry"],"acf":[],"featured_image_src":null,"featured_image_src_square":null,"_links":{"self":[{"href":"https:\/\/www.capirari.com\/it\/wp-json\/wp\/v2\/pages\/6068","targetHints":{"allow":["GET"]}}],"collection":[{"href":"https:\/\/www.capirari.com\/it\/wp-json\/wp\/v2\/pages"}],"about":[{"href":"https:\/\/www.capirari.com\/it\/wp-json\/wp\/v2\/types\/page"}],"author":[{"embeddable":true,"href":"https:\/\/www.capirari.com\/it\/wp-json\/wp\/v2\/users\/1"}],"replies":[{"embeddable":true,"href":"https:\/\/www.capirari.com\/it\/wp-json\/wp\/v2\/comments?post=6068"}],"version-history":[{"count":6,"href":"https:\/\/www.capirari.com\/it\/wp-json\/wp\/v2\/pages\/6068\/revisions"}],"predecessor-version":[{"id":6499,"href":"https:\/\/www.capirari.com\/it\/wp-json\/wp\/v2\/pages\/6068\/revisions\/6499"}],"wp:attachment":[{"href":"https:\/\/www.capirari.com\/it\/wp-json\/wp\/v2\/media?parent=6068"}],"curies":[{"name":"wp","href":"https:\/\/api.w.org\/{rel}","templated":true}]}}